{"id":332,"date":"2023-04-25T14:48:13","date_gmt":"2023-04-25T12:48:13","guid":{"rendered":"https:\/\/inoxterm.com\/?page_id=332"},"modified":"2024-03-14T09:47:24","modified_gmt":"2024-03-14T08:47:24","slug":"dimnjaci","status":"publish","type":"page","link":"https:\/\/inoxterm.com\/de\/dimnjaci\/","title":{"rendered":"Schornsteine"},"content":{"rendered":"<p>[et_pb_section fb_built=&#8221;1&#8221; admin_label=&#8221;Header Section&#8221; _builder_version=&#8221;4.21.0&#8221; background_image=&#8221;http:\/\/inoxterm.com\/wp-content\/uploads\/2023\/06\/pic04-1.jpg&#8221; background_position=&#8221;bottom_right&#8221; custom_padding=&#8221;8%|0px|11.5%|0px||&#8221; bottom_divider_color=&#8221;#FFFFFF&#8221; bottom_divider_height=&#8221;80px&#8221; bottom_divider_repeat=&#8221;1x&#8221; bottom_divider_flip=&#8221;horizontal&#8221; global_colors_info=&#8221;{}&#8221;][et_pb_row admin_label=&#8221;Title Row&#8221; _builder_version=&#8221;4.21.0&#8221; global_colors_info=&#8221;{}&#8221;][et_pb_column type=&#8221;4_4&#8221; _builder_version=&#8221;4.16&#8221; custom_padding=&#8221;|||&#8221; global_colors_info=&#8221;{}&#8221; custom_padding__hover=&#8221;|||&#8221;][et_pb_text admin_label=&#8221;Title &#038; Paragraph&#8221; _builder_version=&#8221;4.21.0&#8221; text_text_color=&#8221;#FFFFFF&#8221; header_text_color=&#8221;#FFFFFF&#8221; header_font_size=&#8221;51px&#8221; header_line_height=&#8221;1.4em&#8221; background_color=&#8221;RGBA(255,255,255,0)&#8221; text_orientation=&#8221;center&#8221; max_width=&#8221;1360px&#8221; max_width_last_edited=&#8221;off|desktop&#8221; custom_margin_last_edited=&#8221;off|desktop&#8221; custom_padding=&#8221;|||0px||&#8221; custom_padding_last_edited=&#8221;off|desktop&#8221; text_font_size_tablet=&#8221;18px&#8221; text_font_size_phone=&#8221;15px&#8221; header_font_size_tablet=&#8221;&#8221; header_font_size_phone=&#8221;50px&#8221; header_font_size_last_edited=&#8221;on|phone&#8221; global_colors_info=&#8221;{}&#8221;]<\/p>\n<h1>Schornsteine<\/h1>\n<p><span>Entdecken Sie unser breites Angebot an hochwertigen Abgassystemen und zugeh\u00f6rigen technischen Beratungsdienstleistungen f\u00fcr Gewerbe und Service<br \/>Unternehmen in ganz Europa.<\/span><\/p>\n<p>[\/et_pb_text][\/et_pb_column][\/et_pb_row][\/et_pb_section][et_pb_section fb_built=&#8221;1&#8221; custom_padding_last_edited=&#8221;on|phone&#8221; admin_label=&#8221;Blog Section&#8221; _builder_version=&#8221;4.21.0&#8221; background_color=&#8221;#FFFFFF&#8221; background_position=&#8221;top_center&#8221; custom_padding=&#8221;80px|0px|0px|0px|false|false&#8221; custom_padding_tablet=&#8221;80px|0px|0px|0px|false|false&#8221; custom_padding_phone=&#8221;20px||||false|false&#8221; global_colors_info=&#8221;{}&#8221;][et_pb_row column_structure=&#8221;1_3,1_3,1_3&#8221; _builder_version=&#8221;4.21.0&#8221; _module_preset=&#8221;default&#8221; border_color_right=&#8221;#000000&#8221; global_colors_info=&#8221;{}&#8221;][et_pb_column type=&#8221;1_3&#8221; _builder_version=&#8221;4.21.0&#8221; _module_preset=&#8221;default&#8221; background_color=&#8221;RGBA(255,255,255,0)&#8221; custom_padding=&#8221;20px|20px|20px|20px|true|true&#8221; border_width_all=&#8221;1px&#8221; border_color_all=&#8221;#FFFFFF&#8221; box_shadow_style=&#8221;preset1&#8221; box_shadow_horizontal=&#8221;-1px&#8221; box_shadow_vertical=&#8221;14px&#8221; box_shadow_blur=&#8221;23px&#8221; box_shadow_spread=&#8221;-12px&#8221; box_shadow_color=&#8221;rgba(0,0,0,0.31)&#8221; global_colors_info=&#8221;{}&#8221;][et_pb_image src=&#8221;http:\/\/inoxterm.com\/wp-content\/uploads\/2023\/04\/Peleterm-25-1-673&#215;368-1.jpg&#8221; title_text=&#8221;Peleterm-25-1-673&#215;368&#8221; _builder_version=&#8221;4.21.0&#8221; _module_preset=&#8221;default&#8221; global_colors_info=&#8221;{}&#8221;][\/et_pb_image][et_pb_text _builder_version=&#8221;4.21.0&#8221; _module_preset=&#8221;default&#8221; header_text_color=&#8221;#000000&#8221; header_2_text_color=&#8221;#000000&#8221; header_3_text_color=&#8221;#000000&#8221; header_4_text_color=&#8221;gcid-eccc1f16-241d-4e64-bf96-b0b629264f7f&#8221; custom_padding=&#8221;0px|0px|0px|0px|false|false&#8221; global_colors_info=&#8221;{%22gcid-eccc1f16-241d-4e64-bf96-b0b629264f7f%22:%91%22header_4_text_color%22%93}&#8221;]<\/p>\n<h4 style=\"text-align: left;\">DW \u2013 PT25<\/h4>\n<p>PT25 ist ein doppelwandiges Schornsteinsystem, das f\u00fcr alle Arten von Brennstoffen geeignet ist und unter Unterdruckbedingungen in sowohl nassen als auch trockenen Modi betrieben werden kann.<\/p>\n<p>[\/et_pb_text][et_pb_button button_url=&#8221;https:\/\/inoxterm.com\/dw-pt25-2&#8221; button_text=&#8221;Saznaj vi\u0161e&#8221; _builder_version=&#8221;4.21.0&#8221; _module_preset=&#8221;_initial&#8221; custom_button=&#8221;on&#8221; button_bg_color=&#8221;#F89E34&#8221; button_border_width=&#8221;1px&#8221; button_border_radius=&#8221;9px&#8221; button_font=&#8221;|300|||||||&#8221; global_colors_info=&#8221;{}&#8221;][\/et_pb_button][\/et_pb_column][et_pb_column type=&#8221;1_3&#8221; _builder_version=&#8221;4.21.0&#8221; _module_preset=&#8221;default&#8221; background_color=&#8221;RGBA(255,255,255,0)&#8221; custom_padding=&#8221;20px|20px|20px|20px|true|true&#8221; border_width_all=&#8221;1px&#8221; border_color_all=&#8221;#FFFFFF&#8221; box_shadow_style=&#8221;preset1&#8221; box_shadow_horizontal=&#8221;-1px&#8221; box_shadow_vertical=&#8221;14px&#8221; box_shadow_blur=&#8221;23px&#8221; box_shadow_spread=&#8221;-12px&#8221; box_shadow_color=&#8221;rgba(0,0,0,0.31)&#8221; global_colors_info=&#8221;{}&#8221;][et_pb_image src=&#8221;http:\/\/inoxterm.com\/wp-content\/uploads\/2023\/04\/Inoxterm-50-673&#215;368-2.jpg&#8221; title_text=&#8221;Inoxterm-50-673&#215;368&#8221; _builder_version=&#8221;4.21.0&#8221; _module_preset=&#8221;default&#8221; global_colors_info=&#8221;{}&#8221;][\/et_pb_image][et_pb_text _builder_version=&#8221;4.21.0&#8221; _module_preset=&#8221;default&#8221; header_text_color=&#8221;#000000&#8221; header_2_text_color=&#8221;#000000&#8221; header_3_text_color=&#8221;#000000&#8221; header_4_text_color=&#8221;gcid-eccc1f16-241d-4e64-bf96-b0b629264f7f&#8221; custom_padding=&#8221;0px|0px|0px|0px|false|false&#8221; global_colors_info=&#8221;{%22gcid-eccc1f16-241d-4e64-bf96-b0b629264f7f%22:%91%22header_4_text_color%22%93}&#8221;]<\/p>\n<h4 style=\"text-align: left;\">DW &#8211; IT50<\/h4>\n<p>IT50 ist ein doppelwandiges Schornsteinsystem f\u00fcr alle Arten von Brennstoffen, das f\u00fcr den Betrieb unter Unterdruckbedingungen, sowohl im nassen als auch im trockenen Modus, ausgelegt ist.<\/p>\n<p>[\/et_pb_text][et_pb_button button_url=&#8221;https:\/\/inoxterm.com\/dw-it50-2\/&#8221; button_text=&#8221;Saznaj vi\u0161e&#8221; _builder_version=&#8221;4.21.0&#8221; _module_preset=&#8221;_initial&#8221; custom_button=&#8221;on&#8221; button_bg_color=&#8221;#F89E34&#8221; button_border_width=&#8221;1px&#8221; button_border_radius=&#8221;9px&#8221; button_font=&#8221;|300|||||||&#8221; global_colors_info=&#8221;{}&#8221;][\/et_pb_button][\/et_pb_column][et_pb_column type=&#8221;1_3&#8221; _builder_version=&#8221;4.21.0&#8221; _module_preset=&#8221;default&#8221; background_color=&#8221;RGBA(255,255,255,0)&#8221; custom_padding=&#8221;20px|20px|20px|20px|true|true&#8221; border_width_all=&#8221;1px&#8221; border_color_all=&#8221;#FFFFFF&#8221; box_shadow_style=&#8221;preset1&#8221; box_shadow_horizontal=&#8221;-1px&#8221; box_shadow_vertical=&#8221;14px&#8221; box_shadow_blur=&#8221;23px&#8221; box_shadow_spread=&#8221;-12px&#8221; box_shadow_color=&#8221;rgba(0,0,0,0.31)&#8221; global_colors_info=&#8221;{}&#8221;][et_pb_image src=&#8221;http:\/\/inoxterm.com\/wp-content\/uploads\/2023\/04\/PIN2-Multi-LAS-naslovna-722&#215;368-1-e1688364886613.jpg&#8221; title_text=&#8221;PIN2-Multi-LAS-naslovna-722&#215;368&#8221; _builder_version=&#8221;4.21.0&#8221; _module_preset=&#8221;default&#8221; global_colors_info=&#8221;{}&#8221;][\/et_pb_image][et_pb_text _builder_version=&#8221;4.21.0&#8221; _module_preset=&#8221;default&#8221; header_text_color=&#8221;#000000&#8221; header_2_text_color=&#8221;#000000&#8221; header_3_text_color=&#8221;#000000&#8221; header_4_text_color=&#8221;gcid-eccc1f16-241d-4e64-bf96-b0b629264f7f&#8221; custom_padding=&#8221;0px|0px|0px|0px|false|false&#8221; global_colors_info=&#8221;{%22gcid-eccc1f16-241d-4e64-bf96-b0b629264f7f%22:%91%22header_4_text_color%22%93}&#8221;]<\/p>\n<h4 style=\"text-align: left;\">DW \u2013 LAS PIN2MULTI<\/h4>\n<p>LAS ist ein spezieller Schornstein, der f\u00fcr die Ableitung von Abgasen aus wandmontierten Gasheizkesseln in Mehrfamilienwohnh\u00e4usern konzipiert ist.<\/p>\n<p>[\/et_pb_text][et_pb_button button_url=&#8221;https:\/\/inoxterm.com\/dw-las-pin2multi\/&#8221; button_text=&#8221;Saznaj vi\u0161e&#8221; _builder_version=&#8221;4.21.0&#8221; _module_preset=&#8221;_initial&#8221; custom_button=&#8221;on&#8221; button_bg_color=&#8221;#F89E34&#8221; button_border_width=&#8221;1px&#8221; button_border_radius=&#8221;9px&#8221; button_font=&#8221;|300|||||||&#8221; global_colors_info=&#8221;{}&#8221;][\/et_pb_button][\/et_pb_column][\/et_pb_row][\/et_pb_section][et_pb_section fb_built=&#8221;1&#8221; admin_label=&#8221;Blog Section&#8221; _builder_version=&#8221;4.21.0&#8221; background_color=&#8221;#FFFFFF&#8221; background_position=&#8221;top_center&#8221; custom_padding=&#8221;15px|0px|4px|0px|false|false&#8221; global_colors_info=&#8221;{}&#8221;][et_pb_row column_structure=&#8221;1_3,1_3,1_3&#8221; _builder_version=&#8221;4.21.0&#8221; _module_preset=&#8221;default&#8221; global_colors_info=&#8221;{}&#8221;][et_pb_column type=&#8221;1_3&#8221; _builder_version=&#8221;4.21.0&#8221; _module_preset=&#8221;default&#8221; background_color=&#8221;RGBA(255,255,255,0)&#8221; custom_padding=&#8221;20px|20px|20px|20px|true|true&#8221; border_width_all=&#8221;1px&#8221; border_color_all=&#8221;#FFFFFF&#8221; box_shadow_style=&#8221;preset1&#8221; box_shadow_horizontal=&#8221;-1px&#8221; box_shadow_vertical=&#8221;14px&#8221; box_shadow_blur=&#8221;23px&#8221; box_shadow_spread=&#8221;-12px&#8221; box_shadow_color=&#8221;rgba(0,0,0,0.31)&#8221; global_colors_info=&#8221;{}&#8221;][et_pb_image src=&#8221;http:\/\/inoxterm.com\/wp-content\/uploads\/2023\/07\/pic07-2.jpg&#8221; title_text=&#8221;pic07&#8221; _builder_version=&#8221;4.21.0&#8221; _module_preset=&#8221;default&#8221; global_colors_info=&#8221;{}&#8221;][\/et_pb_image][et_pb_text _builder_version=&#8221;4.21.0&#8221; _module_preset=&#8221;default&#8221; header_text_color=&#8221;#000000&#8221; header_2_text_color=&#8221;#000000&#8221; header_3_text_color=&#8221;#000000&#8221; header_4_text_color=&#8221;gcid-eccc1f16-241d-4e64-bf96-b0b629264f7f&#8221; custom_padding=&#8221;0px|0px|0px|0px|false|false&#8221; global_colors_info=&#8221;{%22gcid-eccc1f16-241d-4e64-bf96-b0b629264f7f%22:%91%22header_4_text_color%22%93}&#8221;]<\/p>\n<h4 style=\"text-align: left;\">EW \u2013 SD 316<\/h4>\n<p>SD316 ist ein einwandiges Schornsteinsystem, das f\u00fcr alle Arten von Brennstoffen geeignet ist und unter negativem Druck in sowohl nassen als auch trockenen Modi betrieben werden kann.<\/p>\n<p>[\/et_pb_text][et_pb_button button_url=&#8221;https:\/\/inoxterm.com\/ew-sd-316\/&#8221; button_text=&#8221;Saznaj vi\u0161e&#8221; _builder_version=&#8221;4.21.0&#8221; _module_preset=&#8221;_initial&#8221; custom_button=&#8221;on&#8221; button_bg_color=&#8221;#F89E34&#8221; button_border_width=&#8221;1px&#8221; button_border_radius=&#8221;9px&#8221; button_font=&#8221;|300|||||||&#8221; global_colors_info=&#8221;{}&#8221;][\/et_pb_button][\/et_pb_column][et_pb_column type=&#8221;1_3&#8221; _builder_version=&#8221;4.21.0&#8221; _module_preset=&#8221;default&#8221; background_color=&#8221;RGBA(255,255,255,0)&#8221; custom_padding=&#8221;20px|20px|20px|20px|true|true&#8221; border_width_all=&#8221;1px&#8221; border_color_all=&#8221;#FFFFFF&#8221; box_shadow_style=&#8221;preset1&#8221; box_shadow_horizontal=&#8221;-1px&#8221; box_shadow_vertical=&#8221;14px&#8221; box_shadow_blur=&#8221;23px&#8221; box_shadow_spread=&#8221;-12px&#8221; box_shadow_color=&#8221;rgba(0,0,0,0.31)&#8221; global_colors_info=&#8221;{}&#8221;][et_pb_image src=&#8221;http:\/\/inoxterm.com\/wp-content\/uploads\/2023\/07\/pic08-1.jpg&#8221; title_text=&#8221;pic08&#8221; _builder_version=&#8221;4.21.0&#8221; _module_preset=&#8221;default&#8221; global_colors_info=&#8221;{}&#8221;][\/et_pb_image][et_pb_text _builder_version=&#8221;4.24.2&#8221; _module_preset=&#8221;default&#8221; header_text_color=&#8221;#000000&#8221; header_2_text_color=&#8221;#000000&#8221; header_3_text_color=&#8221;#000000&#8221; header_4_text_color=&#8221;gcid-eccc1f16-241d-4e64-bf96-b0b629264f7f&#8221; custom_padding=&#8221;0px|0px|0px|0px|false|false&#8221; hover_enabled=&#8221;0&#8221; global_colors_info=&#8221;{%22gcid-eccc1f16-241d-4e64-bf96-b0b629264f7f%22:%91%22header_4_text_color%22%93}&#8221; sticky_enabled=&#8221;0&#8221;]<\/p>\n<h4 style=\"text-align: left;\">EW \u2013 CONNECT 1<\/h4>\n<p>CONNECT 1 ist ein doppelwandiges Schornsteinsystem f\u00fcr alle Arten von Brennstoffen, das f\u00fcr den Betrieb unter Unterdruckbedingungen, sowohl im nassen als auch im trockenen Modus, ausgelegt ist.<\/p>\n<p>[\/et_pb_text][et_pb_button button_url=&#8221;https:\/\/inoxterm.com\/ew-connect-1\/&#8221; button_text=&#8221;Saznaj vi\u0161e&#8221; _builder_version=&#8221;4.21.0&#8221; _module_preset=&#8221;_initial&#8221; custom_button=&#8221;on&#8221; button_bg_color=&#8221;#F89E34&#8221; button_border_width=&#8221;1px&#8221; button_border_radius=&#8221;9px&#8221; button_font=&#8221;|300|||||||&#8221; global_colors_info=&#8221;{}&#8221;][\/et_pb_button][\/et_pb_column][et_pb_column type=&#8221;1_3&#8221; _builder_version=&#8221;4.21.0&#8221; _module_preset=&#8221;default&#8221; global_colors_info=&#8221;{}&#8221;][\/et_pb_column][\/et_pb_row][et_pb_row _builder_version=&#8221;4.21.0&#8221; _module_preset=&#8221;default&#8221; global_colors_info=&#8221;{}&#8221;][et_pb_column type=&#8221;4_4&#8221; _builder_version=&#8221;4.21.0&#8221; _module_preset=&#8221;default&#8221; global_colors_info=&#8221;{}&#8221;][dsm_button _builder_version=&#8221;4.21.0&#8221; _module_preset=&#8221;default&#8221; global_colors_info=&#8221;{}&#8221;][\/dsm_button][\/et_pb_column][\/et_pb_row][\/et_pb_section]<\/p>","protected":false},"excerpt":{"rendered":"<p>Dimnjaci Otkrijte na\u0161u \u0161iroku ponudu kvalitetnih dimovodnih sistema i prate\u0107e tehni\u010dko savjetovanje za trgova\u010dka i uslu\u017enapreduze\u0107a \u0161irom Europe.DW \u2013 PT25 PT25 je dvostijeni dimnja\u010dni sistem za sve vrste goriva, sa radom u podtlaku, te mokrom ili suhom re\u017eimu.DW &#8211; IT50 IT50 je dvostijeni dimnja\u010dni sistem za sve vrste goriva, sa radom u podtlaku, te mokrom [&hellip;]<\/p>","protected":false},"author":1,"featured_media":0,"parent":0,"menu_order":0,"comment_status":"closed","ping_status":"closed","template":"","meta":{"_et_pb_use_builder":"on","_et_pb_old_content":"","_et_gb_content_width":"","footnotes":""},"class_list":["post-332","page","type-page","status-publish","hentry"],"_links":{"self":[{"href":"https:\/\/inoxterm.com\/de\/wp-json\/wp\/v2\/pages\/332","targetHints":{"allow":["GET"]}}],"collection":[{"href":"https:\/\/inoxterm.com\/de\/wp-json\/wp\/v2\/pages"}],"about":[{"href":"https:\/\/inoxterm.com\/de\/wp-json\/wp\/v2\/types\/page"}],"author":[{"embeddable":true,"href":"https:\/\/inoxterm.com\/de\/wp-json\/wp\/v2\/users\/1"}],"replies":[{"embeddable":true,"href":"https:\/\/inoxterm.com\/de\/wp-json\/wp\/v2\/comments?post=332"}],"version-history":[{"count":43,"href":"https:\/\/inoxterm.com\/de\/wp-json\/wp\/v2\/pages\/332\/revisions"}],"predecessor-version":[{"id":1715,"href":"https:\/\/inoxterm.com\/de\/wp-json\/wp\/v2\/pages\/332\/revisions\/1715"}],"wp:attachment":[{"href":"https:\/\/inoxterm.com\/de\/wp-json\/wp\/v2\/media?parent=332"}],"curies":[{"name":"wp","href":"https:\/\/api.w.org\/{rel}","templated":true}]}}