{"id":725,"date":"2023-06-30T14:02:32","date_gmt":"2023-06-30T12:02:32","guid":{"rendered":"https:\/\/inoxterm.com\/?page_id=725"},"modified":"2024-02-19T10:55:13","modified_gmt":"2024-02-19T09:55:13","slug":"dw-it50-2","status":"publish","type":"page","link":"https:\/\/inoxterm.com\/de\/dw-it50-2\/","title":{"rendered":"DW &#8211; IT50"},"content":{"rendered":"<p>[et_pb_section fb_built=&#8221;1&#8221; specialty=&#8221;on&#8221; padding_top_1=&#8221;60px&#8221; padding_top_bottom_link_1=&#8221;false&#8221; padding_left_right_link_1=&#8221;false&#8221; padding_1_tablet=&#8221;0px||||false|false&#8221; padding_1_phone=&#8221;0px||||false|false&#8221; padding_1_last_edited=&#8221;on|phone&#8221; admin_label=&#8221;Header&#8221; _builder_version=&#8221;4.21.0&#8221; _module_preset=&#8221;default&#8221; background_color=&#8221;#1D1D25&#8221; locked=&#8221;off&#8221; global_colors_info=&#8221;{}&#8221;][et_pb_column type=&#8221;1_2&#8221; specialty_columns=&#8221;2&#8221; _builder_version=&#8221;4.16&#8221; custom_padding=&#8221;|||&#8221; global_colors_info=&#8221;{}&#8221; custom_padding__hover=&#8221;|||&#8221;][et_pb_row_inner _builder_version=&#8221;4.21.0&#8221; _module_preset=&#8221;default&#8221; background_color=&#8221;RGBA(255,255,255,0)&#8221; global_colors_info=&#8221;{}&#8221;][et_pb_column_inner saved_specialty_column_type=&#8221;1_2&#8221; _builder_version=&#8221;4.16&#8221; _module_preset=&#8221;default&#8221; global_colors_info=&#8221;{}&#8221;][et_pb_text _builder_version=&#8221;4.21.0&#8221; _module_preset=&#8221;53fac924-1644-4f70-a8a0-435df3cf1c52&#8221; header_font=&#8221;|600|||||||&#8221; header_text_color=&#8221;#FFFFFF&#8221; header_font_size=&#8221;90px&#8221; header_line_height=&#8221;1.1em&#8221; background_color=&#8221;RGBA(255,255,255,0)&#8221; custom_padding=&#8221;80px|0px|80px|0px|false|false&#8221; custom_padding_phone=&#8221;||20px||false|false&#8221; header_font_size_tablet=&#8221;50px&#8221; header_font_size_phone=&#8221;42px&#8221; header_font_size_last_edited=&#8221;on|phone&#8221; locked=&#8221;off&#8221; global_colors_info=&#8221;{}&#8221;]<\/p>\n<h1>DW &#8211; IT50<\/h1>\n<p>[\/et_pb_text][et_pb_divider color=&#8221;rgba(255,255,255,0.3)&#8221; divider_weight=&#8221;10px&#8221; _builder_version=&#8221;4.16&#8221; _module_preset=&#8221;a9fcc5b1-74c5-43b4-b776-3e310da5f3e8&#8221; z_index=&#8221;10&#8221; max_width=&#8221;260px&#8221; height=&#8221;10px&#8221; custom_margin=&#8221;-65px||30px||false|false&#8221; custom_margin_tablet=&#8221;-59px||||false|false&#8221; custom_margin_phone=&#8221;-48px||||false|false&#8221; custom_margin_last_edited=&#8221;on|desktop&#8221; global_colors_info=&#8221;{}&#8221;][\/et_pb_divider][\/et_pb_column_inner][\/et_pb_row_inner][et_pb_row_inner _builder_version=&#8221;4.21.0&#8221; _module_preset=&#8221;default&#8221; custom_margin=&#8221;0px||0px|0px|true|false&#8221; custom_padding=&#8221;0px|0px|0px|0px|false|false&#8221; global_colors_info=&#8221;{}&#8221;][et_pb_column_inner saved_specialty_column_type=&#8221;1_2&#8221; _builder_version=&#8221;4.21.0&#8221; _module_preset=&#8221;default&#8221; global_colors_info=&#8221;{}&#8221;][et_pb_text _builder_version=&#8221;4.24.0&#8221; _module_preset=&#8221;default&#8221; text_text_color=&#8221;#FFFFFF&#8221; background_color=&#8221;RGBA(255,255,255,0)&#8221; custom_padding=&#8221;0px|0px|80px|0px|false|false&#8221; custom_padding_phone=&#8221;||20px||false|false&#8221; global_colors_info=&#8221;{}&#8221;]<\/p>\n<p>IT50 ist ein doppelwandiges Schornsteinsystem f\u00fcr alle Arten von Brennstoffen, das f\u00fcr den Betrieb unter Unterdruckbedingungen, sowohl im nassen als auch im trockenen Modus, ausgelegt ist. IT50 ist ein universelles Hochleistungs-Metallschornsteinsystem.<\/p>\n<p><strong><span style=\"text-decoration: underline;\">Die Hauptmerkmale dieses Schornsteinsystems sind hochwertiger Edelstahl und<\/span> <u>Keramikwolle <\/u><span style=\"text-decoration: underline;\">hohe Dichte ohne W\u00e4rmebr\u00fccken.<\/span><\/strong><\/p>\n<p>[\/et_pb_text][\/et_pb_column_inner][\/et_pb_row_inner][\/et_pb_column][et_pb_column type=&#8221;1_2&#8221; _builder_version=&#8221;4.16&#8221; custom_padding=&#8221;|||&#8221; global_colors_info=&#8221;{}&#8221; custom_padding__hover=&#8221;|||&#8221;][wdcl_image_carousel animation_speed=&#8221;300ms&#8221; autoplay_speed=&#8221;3000ms&#8221; nav_pagi=&#8221;nav_pagi&#8221; slide_count=&#8221;1&#8221; arrow_height=&#8221;60px&#8221; arrow_icon_size=&#8221;29px&#8221; arrow_color=&#8221;gcid-eccc1f16-241d-4e64-bf96-b0b629264f7f&#8221; arrow_bg=&#8221;gcid-d9491446-6fe1-4f64-8bb0-23337dd44288&#8221; arrow_pos_y=&#8221;104%&#8221; pagi_color=&#8221;gcid-b05cd186-9ebb-49bb-ab9f-908abfe8fcde&#8221; pagi_height=&#8221;4px&#8221; pagi_width=&#8221;4px&#8221; pagi_color_active=&#8221;gcid-ec133d03-b1ef-45a1-8560-ee90872faa34&#8221; _builder_version=&#8221;4.21.0&#8221; _module_preset=&#8221;default&#8221; global_colors_info=&#8221;{%22gcid-ec133d03-b1ef-45a1-8560-ee90872faa34%22:%91%22pagi_color_active%22%93,%22gcid-b05cd186-9ebb-49bb-ab9f-908abfe8fcde%22:%91%22pagi_color%22%93,%22gcid-eccc1f16-241d-4e64-bf96-b0b629264f7f%22:%91%22arrow_color%22%93,%22gcid-d9491446-6fe1-4f64-8bb0-23337dd44288%22:%91%22arrow_bg%22%93}&#8221;][wdcl_image_carousel_child photo=&#8221;http:\/\/inoxterm.com\/wp-content\/uploads\/2023\/07\/DW-IT50_01.jpg&#8221; _builder_version=&#8221;4.21.0&#8221; _module_preset=&#8221;default&#8221; global_colors_info=&#8221;{}&#8221;][\/wdcl_image_carousel_child][wdcl_image_carousel_child photo=&#8221;http:\/\/inoxterm.com\/wp-content\/uploads\/2023\/07\/DW-IT50_02.jpg&#8221; _builder_version=&#8221;4.21.0&#8221; _module_preset=&#8221;default&#8221; global_colors_info=&#8221;{}&#8221;][\/wdcl_image_carousel_child][wdcl_image_carousel_child photo=&#8221;http:\/\/inoxterm.com\/wp-content\/uploads\/2023\/07\/DW-IT50_03.jpg&#8221; _builder_version=&#8221;4.21.0&#8221; _module_preset=&#8221;default&#8221; global_colors_info=&#8221;{}&#8221;][\/wdcl_image_carousel_child][wdcl_image_carousel_child photo=&#8221;http:\/\/inoxterm.com\/wp-content\/uploads\/2023\/07\/DW-IT50_04.jpg&#8221; _builder_version=&#8221;4.21.0&#8221; _module_preset=&#8221;default&#8221; global_colors_info=&#8221;{}&#8221;][\/wdcl_image_carousel_child][wdcl_image_carousel_child photo=&#8221;http:\/\/inoxterm.com\/wp-content\/uploads\/2023\/07\/DW-IT50_05.jpg&#8221; _builder_version=&#8221;4.21.0&#8221; _module_preset=&#8221;default&#8221; global_colors_info=&#8221;{}&#8221;][\/wdcl_image_carousel_child][\/wdcl_image_carousel][\/et_pb_column][\/et_pb_section][et_pb_section fb_built=&#8221;1&#8221; _builder_version=&#8221;4.21.0&#8221; _module_preset=&#8221;default&#8221; custom_padding=&#8221;||3px|||&#8221; global_colors_info=&#8221;{}&#8221;][et_pb_row _builder_version=&#8221;4.21.0&#8221; _module_preset=&#8221;default&#8221; custom_padding=&#8221;||0px|||&#8221; global_colors_info=&#8221;{}&#8221;][et_pb_column type=&#8221;4_4&#8221; _builder_version=&#8221;4.21.0&#8221; _module_preset=&#8221;default&#8221; global_colors_info=&#8221;{}&#8221;][et_pb_text _builder_version=&#8221;4.21.0&#8221; _module_preset=&#8221;default&#8221; header_text_color=&#8221;#000000&#8221; header_2_text_color=&#8221;#000000&#8221; header_3_text_color=&#8221;#000000&#8221; header_4_text_color=&#8221;#000000&#8221; text_orientation=&#8221;center&#8221; custom_margin=&#8221;||0px||false|false&#8221; custom_padding=&#8221;10px|0px|10px|0px|false|false&#8221; header_2_font_size_phone=&#8221;32px&#8221; global_colors_info=&#8221;{}&#8221;]<\/p>\n<h2>Produktspezifikation<\/h2>\n<p>[\/et_pb_text][et_pb_text _builder_version=&#8221;4.21.0&#8221; _module_preset=&#8221;default&#8221; custom_margin=&#8221;0px||||false|false&#8221; custom_padding=&#8221;0px|0px|18px|0px|false|false&#8221; global_colors_info=&#8221;{}&#8221;]<\/p>\n<p style=\"text-align: center;\">Die Tabelle unten zeigt die angegebenen Produktspezifikationen und bietet einen detaillierten \u00dcberblick \u00fcber Leistung, Materialien, Kapazit\u00e4t und andere wichtige Merkmale.<\/p>\n<p>[\/et_pb_text][\/et_pb_column][\/et_pb_row][\/et_pb_section][et_pb_section fb_built=&#8221;1&#8221; admin_label=&#8221;About&#8221; _builder_version=&#8221;4.21.0&#8221; _module_preset=&#8221;default&#8221; custom_padding=&#8221;||4px|||&#8221; global_colors_info=&#8221;{}&#8221;][et_pb_row use_custom_gutter=&#8221;on&#8221; gutter_width=&#8221;4&#8221; _builder_version=&#8221;4.21.0&#8221; _module_preset=&#8221;default&#8221; module_alignment=&#8221;center&#8221; custom_padding=&#8221;0px|||||&#8221; global_colors_info=&#8221;{}&#8221;][et_pb_column type=&#8221;4_4&#8221; _builder_version=&#8221;4.16&#8221; _module_preset=&#8221;default&#8221; global_colors_info=&#8221;{}&#8221;][et_pb_image src=&#8221;http:\/\/inoxterm.com\/wp-content\/uploads\/2024\/02\/Tabela-IT50-standard-i-premium-BA.png&#8221; _builder_version=&#8221;4.24.1&#8221; _module_preset=&#8221;default&#8221; title_text=&#8221;Tabela IT50 standard i premium BA&#8221; hover_enabled=&#8221;0&#8221; sticky_enabled=&#8221;0&#8221;][\/et_pb_image][\/et_pb_column][\/et_pb_row][\/et_pb_section][et_pb_section fb_built=&#8221;1&#8221; _builder_version=&#8221;4.21.0&#8221; _module_preset=&#8221;default&#8221; custom_padding=&#8221;40px||40px||false|false&#8221; locked=&#8221;off&#8221; global_colors_info=&#8221;{}&#8221;][et_pb_row _builder_version=&#8221;4.21.0&#8221; _module_preset=&#8221;default&#8221; custom_padding=&#8221;0px||0px|||&#8221; global_colors_info=&#8221;{}&#8221;][et_pb_column type=&#8221;4_4&#8221; _builder_version=&#8221;4.21.0&#8221; _module_preset=&#8221;default&#8221; global_colors_info=&#8221;{}&#8221;][et_pb_text _builder_version=&#8221;4.21.0&#8221; _module_preset=&#8221;default&#8221; header_text_color=&#8221;#000000&#8221; header_2_text_color=&#8221;#000000&#8221; header_3_text_color=&#8221;#000000&#8221; header_4_text_color=&#8221;#000000&#8221; text_orientation=&#8221;center&#8221; custom_margin=&#8221;||-3px|||&#8221; custom_padding=&#8221;10px|0px|10px|0px|false|false&#8221; custom_padding_phone=&#8221;|40px||40px|false|false&#8221; header_2_font_size_phone=&#8221;32px&#8221; global_colors_info=&#8221;{}&#8221;]<\/p>\n<h2><span>Unsere Fachkenntnisse in Aktion<\/span><\/h2>\n<p>[\/et_pb_text][et_pb_text _builder_version=&#8221;4.21.0&#8221; _module_preset=&#8221;default&#8221; custom_margin=&#8221;2px|||||&#8221; custom_padding=&#8221;2px|0px|18px|0px|false|false&#8221; locked=&#8221;off&#8221; global_colors_info=&#8221;{}&#8221;]<\/p>\n<p style=\"text-align: center;\"><span>Unsere Galerie ist mit atemberaubenden Bildern gef\u00fcllt, die einen authentischen Einblick in die Erfahrung bieten, die wir unseren Kunden bieten. Jedes Foto zeigt besondere Momente unserer Expertenteams in Aktion und pr\u00e4sentiert unsere Hingabe, Pr\u00e4zision und Liebe zum Detail. <\/span><\/p>\n<p>[\/et_pb_text][\/et_pb_column][\/et_pb_row][\/et_pb_section][et_pb_section fb_built=&#8221;1&#8221; _builder_version=&#8221;4.21.0&#8221; _module_preset=&#8221;default&#8221; custom_padding=&#8221;7px||40px||false|false&#8221; global_colors_info=&#8221;{}&#8221;][et_pb_row _builder_version=&#8221;4.21.0&#8221; _module_preset=&#8221;default&#8221; custom_padding=&#8221;0px||0px|||&#8221; global_colors_info=&#8221;{}&#8221;][et_pb_column type=&#8221;4_4&#8221; _builder_version=&#8221;4.21.0&#8221; _module_preset=&#8221;default&#8221; global_colors_info=&#8221;{}&#8221;][wdcl_image_carousel autoplay_speed=&#8221;4000ms&#8221; nav_pagi=&#8221;nav_pagi&#8221; slide_spacing=&#8221;0px&#8221; is_auto_height=&#8221;on&#8221; is_center=&#8221;on&#8221; center_mode_type=&#8221;highlighted&#8221; arrow_color=&#8221;#FFFFFF&#8221; arrow_bg=&#8221;#F89E34&#8221; arrow_border_color=&#8221;gcid-fc6e8ee3-9586-47b2-9491-6118782c9a12&#8221; pagi_color=&#8221;gcid-fc6e8ee3-9586-47b2-9491-6118782c9a12&#8221; pagi_pos_y=&#8221;30px&#8221; pagi_spacing=&#8221;5px&#8221; pagi_color_active=&#8221;#F89E34&#8221; slide_width_tablet=&#8221;513px&#8221; slide_width_phone=&#8221;513px&#8221; slide_width_last_edited=&#8221;on|desktop&#8221; slide_count_tablet=&#8221;&#8221; slide_count_phone=&#8221;1&#8221; slide_count_last_edited=&#8221;on|phone&#8221; _builder_version=&#8221;4.21.0&#8221; _module_preset=&#8221;default&#8221; background_color=&#8221;RGBA(255,255,255,0)&#8221; module_alignment=&#8221;center&#8221; locked=&#8221;off&#8221; global_colors_info=&#8221;{%22gcid-fc6e8ee3-9586-47b2-9491-6118782c9a12%22:%91%22arrow_border_color%22,%22pagi_color%22,%22arrow_border_color%22,%22arrow_border_color%22,%22pagi_color%22,%22arrow_border_color%22,%22arrow_border_color%22,%22pagi_color%22,%22arrow_border_color%22,%22pagi_color%22,%22arrow_border_color%22,%22arrow_border_color%22,%22arrow_border_color%22,%22pagi_color%22,%22arrow_border_color%22,%22arrow_border_color%22,%22pagi_color%22,%22arrow_border_color%22,%22arrow_border_color%22,%22pagi_color%22,%22arrow_border_color%22,%22pagi_color%22,%22arrow_border_color%22,%22arrow_border_color%22%93,%22gcid-ec133d03-b1ef-45a1-8560-ee90872faa34%22:%91%22arrow_bg%22,%22arrow_bg%22%93,%22gcid-eccc1f16-241d-4e64-bf96-b0b629264f7f%22:%91%22arrow_color%22,%22arrow_color%22%93}&#8221;][wdcl_image_carousel_child photo=&#8221;http:\/\/inoxterm.com\/wp-content\/uploads\/2023\/07\/DW-IT50_REF_09.jpg&#8221; content_alignment=&#8221;center&#8221; image_hover_animation=&#8221;liteSpeedIn&#8221; title_bottom_spacing=&#8221;12px&#8221; content_bg_color=&#8221;RGBA(255,255,255,0)&#8221; overlay_bg_color=&#8221;rgba(0,0,0,0.2)&#8221; overlay_icon_color=&#8221;#FFFFFF&#8221; _builder_version=&#8221;4.21.0&#8221; _module_preset=&#8221;default&#8221; title_font=&#8221;|600|||||||&#8221; title_text_color=&#8221;#FFFFFF&#8221; title_font_size=&#8221;23px&#8221; subtitle_font=&#8221;|300|||||||&#8221; subtitle_text_color=&#8221;#FFFFFF&#8221; subtitle_font_size=&#8221;15px&#8221; global_colors_info=&#8221;{}&#8221;][\/wdcl_image_carousel_child][wdcl_image_carousel_child photo=&#8221;http:\/\/inoxterm.com\/wp-content\/uploads\/2023\/07\/DW-IT50_REF_08.jpg&#8221; content_alignment=&#8221;center&#8221; image_hover_animation=&#8221;liteSpeedIn&#8221; title_bottom_spacing=&#8221;12px&#8221; content_bg_color=&#8221;RGBA(255,255,255,0)&#8221; overlay_bg_color=&#8221;rgba(0,0,0,0.2)&#8221; overlay_icon_color=&#8221;#FFFFFF&#8221; _builder_version=&#8221;4.21.0&#8221; _module_preset=&#8221;default&#8221; title_font=&#8221;|600|||||||&#8221; title_text_color=&#8221;#FFFFFF&#8221; title_font_size=&#8221;23px&#8221; subtitle_font=&#8221;|300|||||||&#8221; subtitle_text_color=&#8221;#FFFFFF&#8221; subtitle_font_size=&#8221;15px&#8221; global_colors_info=&#8221;{}&#8221;][\/wdcl_image_carousel_child][wdcl_image_carousel_child photo=&#8221;http:\/\/inoxterm.com\/wp-content\/uploads\/2023\/07\/DW-IT50_REF_07.jpg&#8221; content_alignment=&#8221;center&#8221; image_hover_animation=&#8221;liteSpeedIn&#8221; title_bottom_spacing=&#8221;12px&#8221; content_bg_color=&#8221;RGBA(255,255,255,0)&#8221; overlay_bg_color=&#8221;rgba(0,0,0,0.2)&#8221; overlay_icon_color=&#8221;#FFFFFF&#8221; _builder_version=&#8221;4.21.0&#8221; _module_preset=&#8221;default&#8221; title_font=&#8221;|600|||||||&#8221; title_text_color=&#8221;#FFFFFF&#8221; title_font_size=&#8221;23px&#8221; subtitle_font=&#8221;|300|||||||&#8221; subtitle_text_color=&#8221;#FFFFFF&#8221; subtitle_font_size=&#8221;15px&#8221; global_colors_info=&#8221;{}&#8221;][\/wdcl_image_carousel_child][wdcl_image_carousel_child photo=&#8221;http:\/\/inoxterm.com\/wp-content\/uploads\/2023\/07\/DW-IT50_REF_06.jpg&#8221; content_alignment=&#8221;center&#8221; image_hover_animation=&#8221;liteSpeedIn&#8221; title_bottom_spacing=&#8221;12px&#8221; content_bg_color=&#8221;RGBA(255,255,255,0)&#8221; overlay_bg_color=&#8221;rgba(0,0,0,0.2)&#8221; overlay_icon_color=&#8221;#FFFFFF&#8221; _builder_version=&#8221;4.21.0&#8221; _module_preset=&#8221;default&#8221; title_font=&#8221;|600|||||||&#8221; title_text_color=&#8221;#FFFFFF&#8221; title_font_size=&#8221;23px&#8221; subtitle_font=&#8221;|300|||||||&#8221; subtitle_text_color=&#8221;#FFFFFF&#8221; subtitle_font_size=&#8221;15px&#8221; global_colors_info=&#8221;{}&#8221;][\/wdcl_image_carousel_child][wdcl_image_carousel_child photo=&#8221;http:\/\/inoxterm.com\/wp-content\/uploads\/2023\/07\/DW-IT50_REF_05.jpg&#8221; content_alignment=&#8221;center&#8221; image_hover_animation=&#8221;liteSpeedIn&#8221; title_bottom_spacing=&#8221;12px&#8221; content_bg_color=&#8221;RGBA(255,255,255,0)&#8221; overlay_bg_color=&#8221;rgba(0,0,0,0.2)&#8221; overlay_icon_color=&#8221;#FFFFFF&#8221; _builder_version=&#8221;4.21.0&#8221; _module_preset=&#8221;default&#8221; title_font=&#8221;|600|||||||&#8221; title_text_color=&#8221;#FFFFFF&#8221; title_font_size=&#8221;23px&#8221; subtitle_font=&#8221;|300|||||||&#8221; subtitle_text_color=&#8221;#FFFFFF&#8221; subtitle_font_size=&#8221;15px&#8221; global_colors_info=&#8221;{}&#8221;][\/wdcl_image_carousel_child][wdcl_image_carousel_child photo=&#8221;http:\/\/inoxterm.com\/wp-content\/uploads\/2023\/07\/DW-IT50_REF_04.jpg&#8221; content_alignment=&#8221;center&#8221; image_hover_animation=&#8221;liteSpeedIn&#8221; title_bottom_spacing=&#8221;12px&#8221; content_bg_color=&#8221;RGBA(255,255,255,0)&#8221; overlay_bg_color=&#8221;rgba(0,0,0,0.2)&#8221; overlay_icon_color=&#8221;#FFFFFF&#8221; _builder_version=&#8221;4.21.0&#8221; _module_preset=&#8221;default&#8221; title_font=&#8221;|600|||||||&#8221; title_text_color=&#8221;#FFFFFF&#8221; title_font_size=&#8221;23px&#8221; subtitle_font=&#8221;|300|||||||&#8221; subtitle_text_color=&#8221;#FFFFFF&#8221; subtitle_font_size=&#8221;15px&#8221; global_colors_info=&#8221;{}&#8221;][\/wdcl_image_carousel_child][wdcl_image_carousel_child photo=&#8221;http:\/\/inoxterm.com\/wp-content\/uploads\/2023\/07\/DW-IT50_REF_02.jpg&#8221; content_alignment=&#8221;center&#8221; image_hover_animation=&#8221;liteSpeedIn&#8221; title_bottom_spacing=&#8221;12px&#8221; content_bg_color=&#8221;RGBA(255,255,255,0)&#8221; overlay_bg_color=&#8221;rgba(0,0,0,0.2)&#8221; overlay_icon_color=&#8221;#FFFFFF&#8221; _builder_version=&#8221;4.21.0&#8221; _module_preset=&#8221;default&#8221; title_font=&#8221;|600|||||||&#8221; title_text_color=&#8221;#FFFFFF&#8221; title_font_size=&#8221;23px&#8221; subtitle_font=&#8221;|300|||||||&#8221; subtitle_text_color=&#8221;#FFFFFF&#8221; subtitle_font_size=&#8221;15px&#8221; global_colors_info=&#8221;{}&#8221;][\/wdcl_image_carousel_child][wdcl_image_carousel_child photo=&#8221;http:\/\/inoxterm.com\/wp-content\/uploads\/2023\/07\/DW-IT50_REF_01.jpg&#8221; content_alignment=&#8221;center&#8221; image_hover_animation=&#8221;liteSpeedIn&#8221; title_bottom_spacing=&#8221;12px&#8221; content_bg_color=&#8221;RGBA(255,255,255,0)&#8221; overlay_bg_color=&#8221;rgba(0,0,0,0.2)&#8221; overlay_icon_color=&#8221;#FFFFFF&#8221; _builder_version=&#8221;4.21.0&#8221; _module_preset=&#8221;default&#8221; title_font=&#8221;|600|||||||&#8221; title_text_color=&#8221;#FFFFFF&#8221; title_font_size=&#8221;23px&#8221; subtitle_font=&#8221;|300|||||||&#8221; subtitle_text_color=&#8221;#FFFFFF&#8221; subtitle_font_size=&#8221;15px&#8221; global_colors_info=&#8221;{}&#8221;][\/wdcl_image_carousel_child][\/wdcl_image_carousel][\/et_pb_column][\/et_pb_row][\/et_pb_section][et_pb_section fb_built=&#8221;1&#8221; _builder_version=&#8221;4.21.0&#8221; _module_preset=&#8221;default&#8221; custom_padding=&#8221;2px|||||&#8221; locked=&#8221;off&#8221; global_colors_info=&#8221;{}&#8221;][\/et_pb_section]<\/p>","protected":false},"excerpt":{"rendered":"<p>DW &#8211; IT50IT50 je dvostijeni dimnja\u010dni sistem za sve vrste goriva, sa radom u podtlaku, te mokrom ili suhom re\u017eimu. IT50je univerzalni metalni sistemski dimnjak visokih performansi. Glavna karakteristika ovog dimnja\u010dnog sistema je visokokvalitetni nehr\u0111aju\u0107i \u010delik i kerami\u010dka vuna visoke gusto\u0107e bez termi\u010dkog mosta.<div class=\"et_pb_module wdcl_image_carousel wdcl_image_carousel_0\">\n\t\t\t\t\n\t\t\t\t\n\t\t\t\t\n\t\t\t\t\n\t\t\t\t\n\t\t\t\t\n\t\t\t\t<div class=\"et_pb_module_inner\">\n\t\t\t\t\t<div dir=\"ltr\" class=\"dcm-container dcm-carousel-maker dcm-lightbox-disabled\" data-pagi=\"false\"\n\t\t\tdata-pagi-tablet=\"false\"\n\t\t\tdata-pagi-phone=\"false\"\n\t\t\tdata-nav=\"false\"\n\t\t\tdata-nav-tablet=\"false\"\n\t\t\tdata-nav-phone=\"false\"\n\t\t\tdata-autoplay=\"on\"\n\t\t\tdata-autoplay-speed=\"&#8221;3000ms&#8221;\"\n\t\t\tdata-speed=\"&#8221;300ms&#8221;\"\n\t\t\tdata-slides=\"&#8221;1&#8221;\"\n\t\t\tdata-slides-tablet=\"&#8221;1&#8221;\"\n\t\t\tdata-slides-phone=\"&#8221;1&#8221;\"\n\t\t\tdata-center=\"off\"\n\t\t\tdata-center-mode-type=\"classic\"\n\t\t\tdata-center-padding=\"70px||\"\n\t\t\tdata-vertical=\"off\"\n\t\t\tdata-icon-left=\"4\"\n\t\t\tdata-icon-right=\"5\"\n\t\t\tdata-infinite=\"on\"\n\t\t\tdata-variable-width=\"off\"\n\t\t\tdata-auto-height=\"off\"\n\t\t\tdata-items-scroll=\"1||\"\n\t\t\tdata-fade=\"off\"\n\t\t\tdata-dir=\"ltr\">\n                \n            <\/div>\n\t\t\t\t<\/div>\n\t\t\t<\/div><\/p>","protected":false},"author":1,"featured_media":0,"parent":0,"menu_order":0,"comment_status":"closed","ping_status":"closed","template":"","meta":{"_et_pb_use_builder":"on","_et_pb_old_content":"","_et_gb_content_width":"","footnotes":""},"class_list":["post-725","page","type-page","status-publish","hentry"],"_links":{"self":[{"href":"https:\/\/inoxterm.com\/de\/wp-json\/wp\/v2\/pages\/725","targetHints":{"allow":["GET"]}}],"collection":[{"href":"https:\/\/inoxterm.com\/de\/wp-json\/wp\/v2\/pages"}],"about":[{"href":"https:\/\/inoxterm.com\/de\/wp-json\/wp\/v2\/types\/page"}],"author":[{"embeddable":true,"href":"https:\/\/inoxterm.com\/de\/wp-json\/wp\/v2\/users\/1"}],"replies":[{"embeddable":true,"href":"https:\/\/inoxterm.com\/de\/wp-json\/wp\/v2\/comments?post=725"}],"version-history":[{"count":21,"href":"https:\/\/inoxterm.com\/de\/wp-json\/wp\/v2\/pages\/725\/revisions"}],"predecessor-version":[{"id":1696,"href":"https:\/\/inoxterm.com\/de\/wp-json\/wp\/v2\/pages\/725\/revisions\/1696"}],"wp:attachment":[{"href":"https:\/\/inoxterm.com\/de\/wp-json\/wp\/v2\/media?parent=725"}],"curies":[{"name":"wp","href":"https:\/\/api.w.org\/{rel}","templated":true}]}}