{"id":737,"date":"2023-06-30T14:18:36","date_gmt":"2023-06-30T12:18:36","guid":{"rendered":"https:\/\/inoxterm.com\/?page_id=737"},"modified":"2024-02-19T10:56:20","modified_gmt":"2024-02-19T09:56:20","slug":"dw-las-pin2multi","status":"publish","type":"page","link":"https:\/\/inoxterm.com\/de\/dw-las-pin2multi\/","title":{"rendered":"DW \u2013 LAS PIN2MULTI"},"content":{"rendered":"<p>[et_pb_section fb_built=&#8221;1&#8221; specialty=&#8221;on&#8221; padding_top_1=&#8221;60px&#8221; padding_top_bottom_link_1=&#8221;false&#8221; padding_left_right_link_1=&#8221;false&#8221; padding_1_tablet=&#8221;0px||||false|false&#8221; padding_1_phone=&#8221;0px||||false|false&#8221; padding_1_last_edited=&#8221;on|phone&#8221; admin_label=&#8221;Header&#8221; _builder_version=&#8221;4.21.0&#8221; _module_preset=&#8221;default&#8221; background_color=&#8221;#1D1D25&#8221; global_colors_info=&#8221;{}&#8221;][et_pb_column type=&#8221;1_2&#8221; specialty_columns=&#8221;2&#8221; _builder_version=&#8221;4.16&#8221; custom_padding=&#8221;|||&#8221; global_colors_info=&#8221;{}&#8221; custom_padding__hover=&#8221;|||&#8221;][et_pb_row_inner _builder_version=&#8221;4.21.0&#8221; _module_preset=&#8221;default&#8221; background_color=&#8221;RGBA(255,255,255,0)&#8221; global_colors_info=&#8221;{}&#8221;][et_pb_column_inner saved_specialty_column_type=&#8221;1_2&#8221; _builder_version=&#8221;4.16&#8221; _module_preset=&#8221;default&#8221; global_colors_info=&#8221;{}&#8221;][et_pb_text _builder_version=&#8221;4.21.0&#8221; _module_preset=&#8221;53fac924-1644-4f70-a8a0-435df3cf1c52&#8221; header_font=&#8221;|600|||||||&#8221; header_text_color=&#8221;#FFFFFF&#8221; header_font_size=&#8221;90px&#8221; header_line_height=&#8221;1.1em&#8221; background_color=&#8221;RGBA(255,255,255,0)&#8221; custom_padding=&#8221;80px|0px|80px|0px|false|false&#8221; custom_padding_phone=&#8221;||20px||false|false&#8221; header_font_size_tablet=&#8221;50px&#8221; header_font_size_phone=&#8221;42px&#8221; header_font_size_last_edited=&#8221;on|phone&#8221; locked=&#8221;off&#8221; global_colors_info=&#8221;{}&#8221;]<\/p>\n<h1>DW \u2013 LAS PIN2MULTI<\/h1>\n<p>[\/et_pb_text][et_pb_divider color=&#8221;rgba(255,255,255,0.3)&#8221; divider_weight=&#8221;10px&#8221; _builder_version=&#8221;4.16&#8221; _module_preset=&#8221;a9fcc5b1-74c5-43b4-b776-3e310da5f3e8&#8221; z_index=&#8221;10&#8221; max_width=&#8221;260px&#8221; height=&#8221;10px&#8221; custom_margin=&#8221;-65px||30px||false|false&#8221; custom_margin_tablet=&#8221;-59px||||false|false&#8221; custom_margin_phone=&#8221;-48px||||false|false&#8221; custom_margin_last_edited=&#8221;on|desktop&#8221; global_colors_info=&#8221;{}&#8221;][\/et_pb_divider][\/et_pb_column_inner][\/et_pb_row_inner][et_pb_row_inner custom_padding_last_edited=&#8221;on|phone&#8221; _builder_version=&#8221;4.21.0&#8221; _module_preset=&#8221;default&#8221; custom_padding_tablet=&#8221;&#8221; custom_padding_phone=&#8221;0px||||false|false&#8221; global_colors_info=&#8221;{}&#8221;][et_pb_column_inner saved_specialty_column_type=&#8221;1_2&#8221; _builder_version=&#8221;4.21.0&#8221; _module_preset=&#8221;default&#8221; global_colors_info=&#8221;{}&#8221;][et_pb_text _builder_version=&#8221;4.21.0&#8221; _module_preset=&#8221;default&#8221; text_text_color=&#8221;#FFFFFF&#8221; background_color=&#8221;RGBA(255,255,255,0)&#8221; custom_margin=&#8221;-1px|||||&#8221; custom_padding=&#8221;0px|0px|80px|0px|false|false&#8221; custom_padding_phone=&#8221;||0px||false|false&#8221; global_colors_info=&#8221;{}&#8221;]<\/p>\n<p>LAS ist ein spezieller Schornstein, der f\u00fcr die Ableitung von Abgasen aus wandmontierten Gasheizkesseln in Mehrfamilienwohnh\u00e4usern konzipiert ist. Er wurde entwickelt, um Abgase sicher in die Atmosph\u00e4re abzuleiten, w\u00e4hrend gleichzeitig Frischluft f\u00fcr die Verbrennung den Kesseln zugef\u00fchrt wird.<\/p>\n<p>Er besteht vollst\u00e4ndig aus Edelstahl und ist f\u00fcr den Betrieb im Kondensationsmodus geeignet. Er kann bis zu 20 Gasheizkessel an einem einzigen Schornstein aufnehmen und bietet pro Etage bis zu zwei Anschl\u00fcsse. Im Vergleich zu konventionellen gemauerten Schornsteinen garantiert PIN2Multi erhebliche Platz- und Kosteneinsparungen.<\/p>\n<p>[\/et_pb_text][\/et_pb_column_inner][\/et_pb_row_inner][\/et_pb_column][et_pb_column type=&#8221;1_2&#8221; _builder_version=&#8221;4.16&#8221; custom_padding=&#8221;|||&#8221; global_colors_info=&#8221;{}&#8221; custom_padding__hover=&#8221;|||&#8221;][et_pb_image src=&#8221;http:\/\/inoxterm.com\/wp-content\/uploads\/2023\/06\/DW-\u2013-LAS-PIN2MULTI_001.jpg&#8221; title_text=&#8221;DW-\u2013-LAS-PIN2MULTI_001&#8221; _builder_version=&#8221;4.21.0&#8221; _module_preset=&#8221;default&#8221; global_colors_info=&#8221;{}&#8221;][\/et_pb_image][\/et_pb_column][\/et_pb_section][et_pb_section fb_built=&#8221;1&#8221; _builder_version=&#8221;4.21.0&#8221; _module_preset=&#8221;default&#8221; custom_padding=&#8221;||3px|||&#8221; global_colors_info=&#8221;{}&#8221;][et_pb_row _builder_version=&#8221;4.21.0&#8221; _module_preset=&#8221;default&#8221; custom_padding=&#8221;||0px|||&#8221; global_colors_info=&#8221;{}&#8221;][et_pb_column type=&#8221;4_4&#8221; _builder_version=&#8221;4.21.0&#8221; _module_preset=&#8221;default&#8221; global_colors_info=&#8221;{}&#8221;][et_pb_text _builder_version=&#8221;4.21.0&#8221; _module_preset=&#8221;default&#8221; header_text_color=&#8221;#000000&#8221; header_2_text_color=&#8221;#000000&#8221; header_3_text_color=&#8221;#000000&#8221; header_4_text_color=&#8221;#000000&#8221; text_orientation=&#8221;center&#8221; custom_margin=&#8221;||19px|||&#8221; custom_padding=&#8221;10px|0px|10px|0px|false|false&#8221; header_2_font_size_phone=&#8221;32px&#8221; global_colors_info=&#8221;{}&#8221;]<\/p>\n<h2>Produktspezifikation<\/h2>\n<p>[\/et_pb_text][et_pb_text _builder_version=&#8221;4.21.0&#8221; _module_preset=&#8221;default&#8221; custom_padding=&#8221;2px|0px|18px|0px|false|false&#8221; global_colors_info=&#8221;{}&#8221;]<\/p>\n<p style=\"text-align: center;\">Die Tabelle unten zeigt die angegebenen Produktspezifikationen und bietet einen detaillierten \u00dcberblick \u00fcber Leistung, Materialien, Kapazit\u00e4t und andere wichtige Merkmale.<\/p>\n<p>[\/et_pb_text][\/et_pb_column][\/et_pb_row][\/et_pb_section][et_pb_section fb_built=&#8221;1&#8221; custom_padding_last_edited=&#8221;on|phone&#8221; admin_label=&#8221;About&#8221; _builder_version=&#8221;4.21.0&#8221; _module_preset=&#8221;default&#8221; custom_padding=&#8221;||4px|||&#8221; custom_padding_tablet=&#8221;||4px|||&#8221; custom_padding_phone=&#8221;0px||4px||false|false&#8221; global_colors_info=&#8221;{}&#8221;][et_pb_row use_custom_gutter=&#8221;on&#8221; gutter_width=&#8221;4&#8221; _builder_version=&#8221;4.21.0&#8221; _module_preset=&#8221;default&#8221; width=&#8221;100%&#8221; max_width=&#8221;605px&#8221; module_alignment=&#8221;center&#8221; custom_padding=&#8221;0px|||||&#8221; global_colors_info=&#8221;{}&#8221;][et_pb_column type=&#8221;4_4&#8221; _builder_version=&#8221;4.21.0&#8221; _module_preset=&#8221;default&#8221; global_colors_info=&#8221;{}&#8221;][et_pb_image src=&#8221;http:\/\/inoxterm.com\/wp-content\/uploads\/2024\/02\/Tabela-PIN2Multi-standard-BA.png&#8221; _builder_version=&#8221;4.24.1&#8221; _module_preset=&#8221;default&#8221; title_text=&#8221;Tabela PIN2Multi standard BA&#8221; hover_enabled=&#8221;0&#8221; sticky_enabled=&#8221;0&#8221;][\/et_pb_image][\/et_pb_column][\/et_pb_row][\/et_pb_section][et_pb_section fb_built=&#8221;1&#8221; _builder_version=&#8221;4.21.0&#8221; _module_preset=&#8221;default&#8221; custom_padding=&#8221;40px||40px||false|false&#8221; locked=&#8221;off&#8221; global_colors_info=&#8221;{}&#8221;][et_pb_row _builder_version=&#8221;4.21.0&#8221; _module_preset=&#8221;default&#8221; custom_padding=&#8221;0px||0px|||&#8221; global_colors_info=&#8221;{}&#8221;][et_pb_column type=&#8221;4_4&#8221; _builder_version=&#8221;4.21.0&#8221; _module_preset=&#8221;default&#8221; global_colors_info=&#8221;{}&#8221;][et_pb_text _builder_version=&#8221;4.21.0&#8221; _module_preset=&#8221;default&#8221; header_text_color=&#8221;#000000&#8221; header_2_text_color=&#8221;#000000&#8221; header_3_text_color=&#8221;#000000&#8221; header_4_text_color=&#8221;#000000&#8221; text_orientation=&#8221;center&#8221; custom_margin=&#8221;||-3px|||&#8221; custom_padding=&#8221;10px|0px|10px|0px|false|false&#8221; custom_padding_phone=&#8221;|40px||40px|false|false&#8221; header_2_font_size_phone=&#8221;32px&#8221; global_colors_info=&#8221;{}&#8221;]<\/p>\n<h2><span>Unsere Fachkenntnisse in Aktion<\/span><\/h2>\n<p>[\/et_pb_text][et_pb_text _builder_version=&#8221;4.21.0&#8221; _module_preset=&#8221;default&#8221; custom_margin=&#8221;2px|||||&#8221; custom_padding=&#8221;2px|0px|18px|0px|false|false&#8221; locked=&#8221;off&#8221; global_colors_info=&#8221;{}&#8221;]<\/p>\n<p style=\"text-align: center;\"><span>Unsere Galerie ist mit atemberaubenden Bildern gef\u00fcllt, die einen authentischen Einblick in die Erfahrung bieten, die wir unseren Kunden bieten. Jedes Foto zeigt besondere Momente unserer Expertenteams in Aktion und pr\u00e4sentiert unsere Hingabe, Pr\u00e4zision und Liebe zum Detail. <\/span><\/p>\n<p>[\/et_pb_text][\/et_pb_column][\/et_pb_row][\/et_pb_section][et_pb_section fb_built=&#8221;1&#8221; _builder_version=&#8221;4.21.0&#8221; _module_preset=&#8221;default&#8221; custom_padding=&#8221;2px|||||&#8221; locked=&#8221;off&#8221; global_colors_info=&#8221;{}&#8221;][et_pb_row _builder_version=&#8221;4.21.0&#8221; _module_preset=&#8221;default&#8221; custom_padding=&#8221;||80px||false|false&#8221; global_colors_info=&#8221;{}&#8221;][et_pb_column type=&#8221;4_4&#8221; _builder_version=&#8221;4.21.0&#8221; _module_preset=&#8221;default&#8221; global_colors_info=&#8221;{}&#8221;][wdcl_image_carousel autoplay_speed=&#8221;4000ms&#8221; nav_pagi=&#8221;nav_pagi&#8221; slide_spacing=&#8221;0px&#8221; is_auto_height=&#8221;on&#8221; is_center=&#8221;on&#8221; center_mode_type=&#8221;highlighted&#8221; arrow_color=&#8221;#FFFFFF&#8221; arrow_bg=&#8221;#F89E34&#8221; arrow_border_color=&#8221;gcid-fc6e8ee3-9586-47b2-9491-6118782c9a12&#8221; pagi_color=&#8221;gcid-fc6e8ee3-9586-47b2-9491-6118782c9a12&#8221; pagi_pos_y=&#8221;30px&#8221; pagi_spacing=&#8221;5px&#8221; pagi_color_active=&#8221;#F89E34&#8221; slide_width_tablet=&#8221;513px&#8221; slide_width_phone=&#8221;513px&#8221; slide_width_last_edited=&#8221;on|desktop&#8221; slide_count_tablet=&#8221;&#8221; slide_count_phone=&#8221;1&#8221; slide_count_last_edited=&#8221;on|phone&#8221; _builder_version=&#8221;4.21.0&#8221; _module_preset=&#8221;default&#8221; background_color=&#8221;RGBA(255,255,255,0)&#8221; module_alignment=&#8221;center&#8221; locked=&#8221;off&#8221; global_colors_info=&#8221;{%22gcid-fc6e8ee3-9586-47b2-9491-6118782c9a12%22:%91%22arrow_border_color%22,%22pagi_color%22,%22arrow_border_color%22,%22arrow_border_color%22,%22pagi_color%22,%22arrow_border_color%22,%22arrow_border_color%22,%22pagi_color%22,%22arrow_border_color%22,%22pagi_color%22,%22arrow_border_color%22,%22arrow_border_color%22,%22arrow_border_color%22,%22pagi_color%22,%22arrow_border_color%22,%22arrow_border_color%22,%22pagi_color%22,%22arrow_border_color%22,%22arrow_border_color%22,%22pagi_color%22,%22arrow_border_color%22,%22pagi_color%22,%22arrow_border_color%22,%22arrow_border_color%22%93,%22gcid-ec133d03-b1ef-45a1-8560-ee90872faa34%22:%91%22arrow_bg%22,%22arrow_bg%22%93,%22gcid-eccc1f16-241d-4e64-bf96-b0b629264f7f%22:%91%22arrow_color%22,%22arrow_color%22%93}&#8221;][wdcl_image_carousel_child photo=&#8221;http:\/\/inoxterm.com\/wp-content\/uploads\/2023\/07\/DW-LAS_04.jpg&#8221; content_alignment=&#8221;center&#8221; image_hover_animation=&#8221;liteSpeedIn&#8221; title_bottom_spacing=&#8221;12px&#8221; content_bg_color=&#8221;RGBA(255,255,255,0)&#8221; overlay_bg_color=&#8221;rgba(0,0,0,0.2)&#8221; overlay_icon_color=&#8221;#FFFFFF&#8221; _builder_version=&#8221;4.21.0&#8221; _module_preset=&#8221;default&#8221; title_font=&#8221;|600|||||||&#8221; title_text_color=&#8221;#FFFFFF&#8221; title_font_size=&#8221;23px&#8221; subtitle_font=&#8221;|300|||||||&#8221; subtitle_text_color=&#8221;#FFFFFF&#8221; subtitle_font_size=&#8221;15px&#8221; global_colors_info=&#8221;{}&#8221;][\/wdcl_image_carousel_child][wdcl_image_carousel_child photo=&#8221;http:\/\/inoxterm.com\/wp-content\/uploads\/2023\/07\/DW-LAS_03.jpg&#8221; content_alignment=&#8221;center&#8221; image_hover_animation=&#8221;liteSpeedIn&#8221; title_bottom_spacing=&#8221;12px&#8221; content_bg_color=&#8221;RGBA(255,255,255,0)&#8221; overlay_bg_color=&#8221;rgba(0,0,0,0.2)&#8221; overlay_icon_color=&#8221;#FFFFFF&#8221; _builder_version=&#8221;4.21.0&#8221; _module_preset=&#8221;default&#8221; title_font=&#8221;|600|||||||&#8221; title_text_color=&#8221;#FFFFFF&#8221; title_font_size=&#8221;23px&#8221; subtitle_font=&#8221;|300|||||||&#8221; subtitle_text_color=&#8221;#FFFFFF&#8221; subtitle_font_size=&#8221;15px&#8221; global_colors_info=&#8221;{}&#8221;][\/wdcl_image_carousel_child][wdcl_image_carousel_child photo=&#8221;http:\/\/inoxterm.com\/wp-content\/uploads\/2023\/07\/DW-LAS_02.jpg&#8221; content_alignment=&#8221;center&#8221; image_hover_animation=&#8221;liteSpeedIn&#8221; title_bottom_spacing=&#8221;12px&#8221; content_bg_color=&#8221;RGBA(255,255,255,0)&#8221; overlay_bg_color=&#8221;rgba(0,0,0,0.2)&#8221; overlay_icon_color=&#8221;#FFFFFF&#8221; _builder_version=&#8221;4.21.0&#8221; _module_preset=&#8221;default&#8221; title_font=&#8221;|600|||||||&#8221; title_text_color=&#8221;#FFFFFF&#8221; title_font_size=&#8221;23px&#8221; subtitle_font=&#8221;|300|||||||&#8221; subtitle_text_color=&#8221;#FFFFFF&#8221; subtitle_font_size=&#8221;15px&#8221; global_colors_info=&#8221;{}&#8221;][\/wdcl_image_carousel_child][wdcl_image_carousel_child photo=&#8221;http:\/\/inoxterm.com\/wp-content\/uploads\/2023\/07\/DW-LAS_01.jpg&#8221; content_alignment=&#8221;center&#8221; image_hover_animation=&#8221;liteSpeedIn&#8221; title_bottom_spacing=&#8221;12px&#8221; content_bg_color=&#8221;RGBA(255,255,255,0)&#8221; overlay_bg_color=&#8221;rgba(0,0,0,0.2)&#8221; overlay_icon_color=&#8221;#FFFFFF&#8221; _builder_version=&#8221;4.21.0&#8221; _module_preset=&#8221;default&#8221; title_font=&#8221;|600|||||||&#8221; title_text_color=&#8221;#FFFFFF&#8221; title_font_size=&#8221;23px&#8221; subtitle_font=&#8221;|300|||||||&#8221; subtitle_text_color=&#8221;#FFFFFF&#8221; subtitle_font_size=&#8221;15px&#8221; global_colors_info=&#8221;{}&#8221;][\/wdcl_image_carousel_child][\/wdcl_image_carousel][\/et_pb_column][\/et_pb_row][\/et_pb_section]<\/p>","protected":false},"excerpt":{"rendered":"<p>DW \u2013 LAS PIN2MULTILAS je namjenski dimnjak za odvodnju dimnih plinova iz fasadnih plinskih bojlera u vi\u0161eporodi\u010dnim stambenim objektima. Projektovan je tako da bezbijedno odvodi dimne plinove u atmosferu, a dovodi svje\u017e vazduh za sagorjevanje do bojlera. Izra\u0111en je kompletno od nehr\u0111aju\u0107eg \u010delika i pogodan za kondenzacijski re\u017eim rada. Na jedan dimnjak je mogu\u0107e prikop\u010dati [&hellip;]<\/p>","protected":false},"author":1,"featured_media":0,"parent":0,"menu_order":0,"comment_status":"closed","ping_status":"closed","template":"","meta":{"_et_pb_use_builder":"on","_et_pb_old_content":"","_et_gb_content_width":"","footnotes":""},"class_list":["post-737","page","type-page","status-publish","hentry"],"_links":{"self":[{"href":"https:\/\/inoxterm.com\/de\/wp-json\/wp\/v2\/pages\/737","targetHints":{"allow":["GET"]}}],"collection":[{"href":"https:\/\/inoxterm.com\/de\/wp-json\/wp\/v2\/pages"}],"about":[{"href":"https:\/\/inoxterm.com\/de\/wp-json\/wp\/v2\/types\/page"}],"author":[{"embeddable":true,"href":"https:\/\/inoxterm.com\/de\/wp-json\/wp\/v2\/users\/1"}],"replies":[{"embeddable":true,"href":"https:\/\/inoxterm.com\/de\/wp-json\/wp\/v2\/comments?post=737"}],"version-history":[{"count":15,"href":"https:\/\/inoxterm.com\/de\/wp-json\/wp\/v2\/pages\/737\/revisions"}],"predecessor-version":[{"id":1698,"href":"https:\/\/inoxterm.com\/de\/wp-json\/wp\/v2\/pages\/737\/revisions\/1698"}],"wp:attachment":[{"href":"https:\/\/inoxterm.com\/de\/wp-json\/wp\/v2\/media?parent=737"}],"curies":[{"name":"wp","href":"https:\/\/api.w.org\/{rel}","templated":true}]}}