{"id":756,"date":"2023-06-30T14:39:17","date_gmt":"2023-06-30T12:39:17","guid":{"rendered":"https:\/\/inoxterm.com\/?page_id=756"},"modified":"2024-02-19T10:58:32","modified_gmt":"2024-02-19T09:58:32","slug":"ew-connect-1","status":"publish","type":"page","link":"https:\/\/inoxterm.com\/de\/ew-connect-1\/","title":{"rendered":"EW \u2013 CONNECT 1"},"content":{"rendered":"<p>[et_pb_section fb_built=&#8221;1&#8221; specialty=&#8221;on&#8221; padding_top_1=&#8221;60px&#8221; padding_top_bottom_link_1=&#8221;false&#8221; padding_left_right_link_1=&#8221;false&#8221; padding_1_tablet=&#8221;0px||||false|false&#8221; padding_1_phone=&#8221;0px||||false|false&#8221; padding_1_last_edited=&#8221;on|phone&#8221; admin_label=&#8221;Header&#8221; _builder_version=&#8221;4.16&#8221; _module_preset=&#8221;default&#8221; background_color=&#8221;#1D1D25&#8221; global_colors_info=&#8221;{}&#8221;][et_pb_column type=&#8221;1_2&#8221; specialty_columns=&#8221;2&#8221; _builder_version=&#8221;4.16&#8221; custom_padding=&#8221;|||&#8221; global_colors_info=&#8221;{}&#8221; custom_padding__hover=&#8221;|||&#8221;][et_pb_row_inner _builder_version=&#8221;4.21.0&#8221; _module_preset=&#8221;default&#8221; background_color=&#8221;RGBA(255,255,255,0)&#8221; global_colors_info=&#8221;{}&#8221;][et_pb_column_inner saved_specialty_column_type=&#8221;1_2&#8221; _builder_version=&#8221;4.16&#8221; _module_preset=&#8221;default&#8221; global_colors_info=&#8221;{}&#8221;][et_pb_text _builder_version=&#8221;4.22.0&#8221; _module_preset=&#8221;53fac924-1644-4f70-a8a0-435df3cf1c52&#8221; header_font=&#8221;|600|||||||&#8221; header_text_color=&#8221;#FFFFFF&#8221; header_font_size=&#8221;90px&#8221; header_line_height=&#8221;1.1em&#8221; background_color=&#8221;RGBA(255,255,255,0)&#8221; custom_padding=&#8221;80px|0px|40px|0px|false|false&#8221; header_font_size_tablet=&#8221;50px&#8221; header_font_size_phone=&#8221;40px&#8221; header_font_size_last_edited=&#8221;on|phone&#8221; locked=&#8221;off&#8221; global_colors_info=&#8221;{}&#8221;]<\/p>\n<h1>EW \u2013 CONNECT 1<\/h1>\n<p>[\/et_pb_text][et_pb_divider color=&#8221;rgba(255,255,255,0.3)&#8221; divider_weight=&#8221;10px&#8221; _builder_version=&#8221;4.16&#8221; _module_preset=&#8221;a9fcc5b1-74c5-43b4-b776-3e310da5f3e8&#8221; z_index=&#8221;10&#8221; max_width=&#8221;260px&#8221; height=&#8221;10px&#8221; custom_margin=&#8221;-65px||30px||false|false&#8221; custom_margin_tablet=&#8221;-59px||||false|false&#8221; custom_margin_phone=&#8221;-48px||||false|false&#8221; custom_margin_last_edited=&#8221;on|desktop&#8221; global_colors_info=&#8221;{}&#8221;][\/et_pb_divider][\/et_pb_column_inner][\/et_pb_row_inner][et_pb_row_inner _builder_version=&#8221;4.21.0&#8221; _module_preset=&#8221;default&#8221; global_colors_info=&#8221;{}&#8221;][et_pb_column_inner saved_specialty_column_type=&#8221;1_2&#8221; _builder_version=&#8221;4.21.0&#8221; _module_preset=&#8221;default&#8221; global_colors_info=&#8221;{}&#8221;][et_pb_text _builder_version=&#8221;4.24.0&#8221; _module_preset=&#8221;default&#8221; text_text_color=&#8221;#FFFFFF&#8221; background_color=&#8221;RGBA(255,255,255,0)&#8221; custom_padding=&#8221;0px|0px|80px|0px|false|false&#8221; custom_padding_phone=&#8221;||0px||false|false&#8221; global_colors_info=&#8221;{}&#8221;]<\/p>\n<p>Stahlrohre (Schornsteine) f\u00fcr Kamine und Kessel in industriellen und Wohngebieten<\/p>\n<p>[\/et_pb_text][\/et_pb_column_inner][\/et_pb_row_inner][\/et_pb_column][et_pb_column type=&#8221;1_2&#8221; _builder_version=&#8221;4.16&#8221; custom_padding=&#8221;|||&#8221; global_colors_info=&#8221;{}&#8221; custom_padding__hover=&#8221;|||&#8221;][wdcl_image_carousel animation_speed=&#8221;300ms&#8221; autoplay_speed=&#8221;3000ms&#8221; nav_pagi=&#8221;nav_pagi&#8221; slide_count=&#8221;1&#8221; arrow_height=&#8221;60px&#8221; arrow_icon_size=&#8221;29px&#8221; arrow_color=&#8221;gcid-eccc1f16-241d-4e64-bf96-b0b629264f7f&#8221; arrow_bg=&#8221;gcid-d9491446-6fe1-4f64-8bb0-23337dd44288&#8221; arrow_pos_y=&#8221;104%&#8221; pagi_color=&#8221;gcid-b05cd186-9ebb-49bb-ab9f-908abfe8fcde&#8221; pagi_height=&#8221;4px&#8221; pagi_width=&#8221;4px&#8221; pagi_color_active=&#8221;gcid-ec133d03-b1ef-45a1-8560-ee90872faa34&#8221; _builder_version=&#8221;4.24.0&#8221; _module_preset=&#8221;default&#8221; locked=&#8221;off&#8221; global_colors_info=&#8221;{%22gcid-ec133d03-b1ef-45a1-8560-ee90872faa34%22:%91%22pagi_color_active%22%93,%22gcid-b05cd186-9ebb-49bb-ab9f-908abfe8fcde%22:%91%22pagi_color%22%93,%22gcid-eccc1f16-241d-4e64-bf96-b0b629264f7f%22:%91%22arrow_color%22%93,%22gcid-d9491446-6fe1-4f64-8bb0-23337dd44288%22:%91%22arrow_bg%22%93}&#8221;][wdcl_image_carousel_child photo=&#8221;http:\/\/inoxterm.com\/wp-content\/uploads\/2023\/07\/EW-CONNECT_feat.jpg&#8221; _builder_version=&#8221;4.24.0&#8221; _module_preset=&#8221;default&#8221; global_colors_info=&#8221;{}&#8221;][\/wdcl_image_carousel_child][wdcl_image_carousel_child photo=&#8221;http:\/\/inoxterm.com\/wp-content\/uploads\/2024\/02\/EW-CONNECT_feat_1.jpg&#8221; _builder_version=&#8221;4.24.0&#8221; _module_preset=&#8221;default&#8221; global_colors_info=&#8221;{}&#8221;][\/wdcl_image_carousel_child][wdcl_image_carousel_child photo=&#8221;http:\/\/inoxterm.com\/wp-content\/uploads\/2024\/02\/EW-CONNECT_feat_3.jpg&#8221; _builder_version=&#8221;4.24.0&#8221; _module_preset=&#8221;default&#8221; global_colors_info=&#8221;{}&#8221;][\/wdcl_image_carousel_child][wdcl_image_carousel_child photo=&#8221;http:\/\/inoxterm.com\/wp-content\/uploads\/2024\/02\/EW-CONNECT_feat_4.jpg&#8221; _builder_version=&#8221;4.24.0&#8221; _module_preset=&#8221;default&#8221; global_colors_info=&#8221;{}&#8221;][\/wdcl_image_carousel_child][wdcl_image_carousel_child photo=&#8221;http:\/\/inoxterm.com\/wp-content\/uploads\/2024\/02\/EW-CONNECT_feat_5.jpg&#8221; _builder_version=&#8221;4.24.0&#8221; _module_preset=&#8221;default&#8221; global_colors_info=&#8221;{}&#8221;][\/wdcl_image_carousel_child][wdcl_image_carousel_child photo=&#8221;http:\/\/inoxterm.com\/wp-content\/uploads\/2024\/02\/EW-CONNECT_feat_6.jpg&#8221; _builder_version=&#8221;4.24.0&#8221; _module_preset=&#8221;default&#8221; global_colors_info=&#8221;{}&#8221;][\/wdcl_image_carousel_child][wdcl_image_carousel_child photo=&#8221;http:\/\/inoxterm.com\/wp-content\/uploads\/2024\/02\/EW-CONNECT_feat_7.jpg&#8221; _builder_version=&#8221;4.24.0&#8221; _module_preset=&#8221;default&#8221; global_colors_info=&#8221;{}&#8221;][\/wdcl_image_carousel_child][wdcl_image_carousel_child photo=&#8221;http:\/\/inoxterm.com\/wp-content\/uploads\/2024\/02\/EW-CONNECT_feat_8.jpg&#8221; _builder_version=&#8221;4.24.0&#8221; _module_preset=&#8221;default&#8221; global_colors_info=&#8221;{}&#8221;][\/wdcl_image_carousel_child][wdcl_image_carousel_child photo=&#8221;http:\/\/inoxterm.com\/wp-content\/uploads\/2024\/02\/EW-CONNECT_feat_9.jpg&#8221; _builder_version=&#8221;4.24.0&#8221; _module_preset=&#8221;default&#8221; global_colors_info=&#8221;{}&#8221;][\/wdcl_image_carousel_child][\/wdcl_image_carousel][\/et_pb_column][\/et_pb_section][et_pb_section fb_built=&#8221;1&#8221; _builder_version=&#8221;4.21.0&#8221; _module_preset=&#8221;default&#8221; custom_padding=&#8221;||3px|||&#8221; global_colors_info=&#8221;{}&#8221;][et_pb_row _builder_version=&#8221;4.21.0&#8221; _module_preset=&#8221;default&#8221; custom_padding=&#8221;||0px|||&#8221; global_colors_info=&#8221;{}&#8221;][et_pb_column type=&#8221;4_4&#8221; _builder_version=&#8221;4.21.0&#8221; _module_preset=&#8221;default&#8221; global_colors_info=&#8221;{}&#8221;][et_pb_text _builder_version=&#8221;4.21.0&#8221; _module_preset=&#8221;default&#8221; header_text_color=&#8221;#000000&#8221; header_2_text_color=&#8221;#000000&#8221; header_3_text_color=&#8221;#000000&#8221; header_4_text_color=&#8221;#000000&#8221; text_orientation=&#8221;center&#8221; custom_margin=&#8221;||19px|||&#8221; custom_padding=&#8221;10px|0px|10px|0px|false|false&#8221; header_2_font_size_phone=&#8221;32px&#8221; global_colors_info=&#8221;{}&#8221;]<\/p>\n<h2>Produktspezifikation<\/h2>\n<p>[\/et_pb_text][et_pb_text _builder_version=&#8221;4.24.0&#8221; _module_preset=&#8221;default&#8221; custom_padding=&#8221;2px|0px|18px|0px|false|false&#8221; global_colors_info=&#8221;{}&#8221;]<\/p>\n<p style=\"text-align: center;\"><span>Connect 1 ist ein Abgassystem, das f\u00fcr die Verbindung von Kesseln und Kaminen mit Schornsteinen entwickelt wurde. Es wird serienm\u00e4\u00dfig ab hergestellt 1,5 m<\/span>ern<span>dickem Stahlblech und beschichtet mit Farbe, die bis zu 600\u00b0C hitzebest\u00e4ndig ist. Es ist f\u00fcr alle Kamine und Kessel geeignet, die im Trockenbetrieb arbeiten.<\/span><\/p>\n<p style=\"text-align: center;\"><span>Die Verbindung zwischen den Elementen erfolgt mit einer zweistufigen Ausdehnung auf einer Seite, insgesamt 40+10mm in der L\u00e4nge. Die letzte 10mm-Ausdehnung hat eine extrem geringe Toleranz, was eine hohe Abdichtung gew\u00e4hrleistet und somit einen stabileren und sichereren Betrieb f\u00fcr den Verbraucher bietet.<\/span><span>\u00a0<\/span><\/p>\n<p style=\"text-align: center;\"><span>Alle Elemente sind f\u00fcr eine einfache Montage und Installation vor Ort konzipiert. Die Rohre k\u00f6nnen mit Standardwerkzeugen geschnitten, gebohrt und geschwei\u00dft werden.<\/span><span>\u00a0<\/span><\/p>\n<p style=\"text-align: center;\">Connect 1 wird in folgenden Bereichen angewendet:<\/p>\n<p style=\"text-align: center;\"><span>- Zentralheizung mit allen Arten von Brennstoffen in H\u00e4us<\/span>ern<span>(Trockenbetrieb)<br \/><\/span>- Zentralheizung mit allen Arten von Brennstoffen in der Industrie (trockener Betriebsmodus)<br \/>- Freistehende Kamine in Haushalten<br \/>- Eingebaute Kamine in Haushalten<\/p>\n<p>[\/et_pb_text][\/et_pb_column][\/et_pb_row][\/et_pb_section][et_pb_section fb_built=&#8221;1&#8221; admin_label=&#8221;About&#8221; _builder_version=&#8221;4.21.0&#8221; _module_preset=&#8221;default&#8221; custom_padding=&#8221;||4px|||&#8221; global_colors_info=&#8221;{}&#8221;][et_pb_row use_custom_gutter=&#8221;on&#8221; gutter_width=&#8221;4&#8221; _builder_version=&#8221;4.21.0&#8221; _module_preset=&#8221;default&#8221; module_alignment=&#8221;center&#8221; custom_padding=&#8221;0px|||||&#8221; global_colors_info=&#8221;{}&#8221;][et_pb_column type=&#8221;4_4&#8221; _builder_version=&#8221;4.16&#8221; _module_preset=&#8221;default&#8221; global_colors_info=&#8221;{}&#8221;][et_pb_image src=&#8221;http:\/\/inoxterm.com\/wp-content\/uploads\/2024\/02\/Tabela-CN1-BA.png&#8221; _builder_version=&#8221;4.24.1&#8221; _module_preset=&#8221;default&#8221; title_text=&#8221;Tabela CN1 BA&#8221; hover_enabled=&#8221;0&#8221; sticky_enabled=&#8221;0&#8221;][\/et_pb_image][\/et_pb_column][\/et_pb_row][\/et_pb_section][et_pb_section fb_built=&#8221;1&#8221; _builder_version=&#8221;4.21.0&#8221; _module_preset=&#8221;default&#8221; custom_padding=&#8221;40px||5px||false|false&#8221; locked=&#8221;off&#8221; global_colors_info=&#8221;{}&#8221;][et_pb_row _builder_version=&#8221;4.21.0&#8221; _module_preset=&#8221;default&#8221; custom_padding=&#8221;0px||0px|||&#8221; global_colors_info=&#8221;{}&#8221;][et_pb_column type=&#8221;4_4&#8221; _builder_version=&#8221;4.21.0&#8221; _module_preset=&#8221;default&#8221; global_colors_info=&#8221;{}&#8221;][et_pb_text _builder_version=&#8221;4.21.0&#8221; _module_preset=&#8221;default&#8221; header_text_color=&#8221;#000000&#8221; header_2_text_color=&#8221;#000000&#8221; header_3_text_color=&#8221;#000000&#8221; header_4_text_color=&#8221;#000000&#8221; text_orientation=&#8221;center&#8221; custom_margin=&#8221;||-3px|||&#8221; custom_padding=&#8221;10px|0px|10px|0px|false|false&#8221; custom_padding_phone=&#8221;|40px||40px|false|false&#8221; header_2_font_size_phone=&#8221;32px&#8221; global_colors_info=&#8221;{}&#8221;]<\/p>\n<h2><span>Unsere Fachkenntnisse in Aktion<\/span><\/h2>\n<p>[\/et_pb_text][et_pb_text _builder_version=&#8221;4.21.0&#8221; _module_preset=&#8221;default&#8221; custom_margin=&#8221;2px|||||&#8221; custom_padding=&#8221;2px|0px|18px|0px|false|false&#8221; locked=&#8221;off&#8221; global_colors_info=&#8221;{}&#8221;]<\/p>\n<p style=\"text-align: center;\"><span>Unsere Galerie ist mit atemberaubenden Bildern gef\u00fcllt, die einen authentischen Einblick in die Erfahrung bieten, die wir unseren Kunden bieten. Jedes Foto zeigt besondere Momente unserer Expertenteams in Aktion und pr\u00e4sentiert unsere Hingabe, Pr\u00e4zision und Liebe zum Detail. <\/span><\/p>\n<p>[\/et_pb_text][\/et_pb_column][\/et_pb_row][\/et_pb_section][et_pb_section fb_built=&#8221;1&#8221; _builder_version=&#8221;4.21.0&#8221; _module_preset=&#8221;default&#8221; custom_padding=&#8221;2px||80px||false|false&#8221; locked=&#8221;off&#8221; global_colors_info=&#8221;{}&#8221;][et_pb_row _builder_version=&#8221;4.24.0&#8221; _module_preset=&#8221;default&#8221; global_colors_info=&#8221;{}&#8221;][et_pb_column type=&#8221;4_4&#8221; _builder_version=&#8221;4.21.0&#8221; _module_preset=&#8221;default&#8221; global_colors_info=&#8221;{}&#8221;][wdcl_image_carousel autoplay_speed=&#8221;4000ms&#8221; nav_pagi=&#8221;nav_pagi&#8221; slide_spacing=&#8221;0px&#8221; is_auto_height=&#8221;on&#8221; is_center=&#8221;on&#8221; center_mode_type=&#8221;highlighted&#8221; arrow_color=&#8221;#FFFFFF&#8221; arrow_bg=&#8221;#F89E34&#8221; arrow_border_color=&#8221;gcid-fc6e8ee3-9586-47b2-9491-6118782c9a12&#8221; pagi_color=&#8221;gcid-fc6e8ee3-9586-47b2-9491-6118782c9a12&#8221; pagi_pos_y=&#8221;30px&#8221; pagi_spacing=&#8221;5px&#8221; pagi_color_active=&#8221;#F89E34&#8221; slide_width_tablet=&#8221;513px&#8221; slide_width_phone=&#8221;513px&#8221; slide_width_last_edited=&#8221;on|desktop&#8221; slide_count_tablet=&#8221;&#8221; slide_count_phone=&#8221;1&#8221; slide_count_last_edited=&#8221;on|phone&#8221; _builder_version=&#8221;4.24.0&#8221; _module_preset=&#8221;default&#8221; background_color=&#8221;RGBA(255,255,255,0)&#8221; module_alignment=&#8221;center&#8221; locked=&#8221;off&#8221; global_colors_info=&#8221;{%22gcid-fc6e8ee3-9586-47b2-9491-6118782c9a12%22:%91%22arrow_border_color%22,%22pagi_color%22,%22arrow_border_color%22,%22arrow_border_color%22,%22pagi_color%22,%22arrow_border_color%22,%22arrow_border_color%22,%22pagi_color%22,%22arrow_border_color%22,%22pagi_color%22,%22arrow_border_color%22,%22arrow_border_color%22,%22arrow_border_color%22,%22pagi_color%22,%22arrow_border_color%22,%22arrow_border_color%22,%22pagi_color%22,%22arrow_border_color%22,%22arrow_border_color%22,%22pagi_color%22,%22arrow_border_color%22,%22pagi_color%22,%22arrow_border_color%22,%22arrow_border_color%22%93,%22gcid-ec133d03-b1ef-45a1-8560-ee90872faa34%22:%91%22arrow_bg%22,%22arrow_bg%22%93,%22gcid-eccc1f16-241d-4e64-bf96-b0b629264f7f%22:%91%22arrow_color%22,%22arrow_color%22%93}&#8221;][wdcl_image_carousel_child photo=&#8221;http:\/\/inoxterm.com\/wp-content\/uploads\/2023\/07\/EW-CONNECT_05.jpg&#8221; content_alignment=&#8221;center&#8221; image_hover_animation=&#8221;liteSpeedIn&#8221; title_bottom_spacing=&#8221;12px&#8221; content_bg_color=&#8221;RGBA(255,255,255,0)&#8221; overlay_bg_color=&#8221;rgba(0,0,0,0.2)&#8221; overlay_icon_color=&#8221;#FFFFFF&#8221; _builder_version=&#8221;4.21.0&#8221; _module_preset=&#8221;default&#8221; title_font=&#8221;|600|||||||&#8221; title_text_color=&#8221;#FFFFFF&#8221; title_font_size=&#8221;23px&#8221; subtitle_font=&#8221;|300|||||||&#8221; subtitle_text_color=&#8221;#FFFFFF&#8221; subtitle_font_size=&#8221;15px&#8221; global_colors_info=&#8221;{}&#8221;][\/wdcl_image_carousel_child][wdcl_image_carousel_child photo=&#8221;http:\/\/inoxterm.com\/wp-content\/uploads\/2023\/07\/EW-CONNECT_02.jpg&#8221; content_alignment=&#8221;center&#8221; image_hover_animation=&#8221;liteSpeedIn&#8221; title_bottom_spacing=&#8221;12px&#8221; content_bg_color=&#8221;RGBA(255,255,255,0)&#8221; overlay_bg_color=&#8221;rgba(0,0,0,0.2)&#8221; overlay_icon_color=&#8221;#FFFFFF&#8221; _builder_version=&#8221;4.24.0&#8221; _module_preset=&#8221;default&#8221; title_font=&#8221;|600|||||||&#8221; title_text_color=&#8221;#FFFFFF&#8221; title_font_size=&#8221;23px&#8221; subtitle_font=&#8221;|300|||||||&#8221; subtitle_text_color=&#8221;#FFFFFF&#8221; subtitle_font_size=&#8221;15px&#8221; global_colors_info=&#8221;{}&#8221;][\/wdcl_image_carousel_child][wdcl_image_carousel_child photo=&#8221;http:\/\/inoxterm.com\/wp-content\/uploads\/2023\/07\/EW-CONNECT_01.jpg&#8221; content_alignment=&#8221;center&#8221; image_hover_animation=&#8221;liteSpeedIn&#8221; title_bottom_spacing=&#8221;12px&#8221; content_bg_color=&#8221;RGBA(255,255,255,0)&#8221; overlay_bg_color=&#8221;rgba(0,0,0,0.2)&#8221; overlay_icon_color=&#8221;#FFFFFF&#8221; _builder_version=&#8221;4.21.0&#8221; _module_preset=&#8221;default&#8221; title_font=&#8221;|600|||||||&#8221; title_text_color=&#8221;#FFFFFF&#8221; title_font_size=&#8221;23px&#8221; subtitle_font=&#8221;|300|||||||&#8221; subtitle_text_color=&#8221;#FFFFFF&#8221; subtitle_font_size=&#8221;15px&#8221; global_colors_info=&#8221;{}&#8221;][\/wdcl_image_carousel_child][wdcl_image_carousel_child photo=&#8221;http:\/\/inoxterm.com\/wp-content\/uploads\/2024\/02\/Set-A-1-14.jpg&#8221; content_alignment=&#8221;center&#8221; image_hover_animation=&#8221;liteSpeedIn&#8221; title_bottom_spacing=&#8221;12px&#8221; content_bg_color=&#8221;RGBA(255,255,255,0)&#8221; overlay_bg_color=&#8221;rgba(0,0,0,0.2)&#8221; overlay_icon_color=&#8221;#FFFFFF&#8221; _builder_version=&#8221;4.24.0&#8221; _module_preset=&#8221;default&#8221; title_font=&#8221;|600|||||||&#8221; title_text_color=&#8221;#FFFFFF&#8221; title_font_size=&#8221;23px&#8221; subtitle_font=&#8221;|300|||||||&#8221; subtitle_text_color=&#8221;#FFFFFF&#8221; subtitle_font_size=&#8221;15px&#8221; global_colors_info=&#8221;{}&#8221;][\/wdcl_image_carousel_child][wdcl_image_carousel_child photo=&#8221;http:\/\/inoxterm.com\/wp-content\/uploads\/2024\/02\/Set-A-1-15.jpg&#8221; content_alignment=&#8221;center&#8221; image_hover_animation=&#8221;liteSpeedIn&#8221; title_bottom_spacing=&#8221;12px&#8221; content_bg_color=&#8221;RGBA(255,255,255,0)&#8221; overlay_bg_color=&#8221;rgba(0,0,0,0.2)&#8221; overlay_icon_color=&#8221;#FFFFFF&#8221; _builder_version=&#8221;4.24.0&#8221; _module_preset=&#8221;default&#8221; title_font=&#8221;|600|||||||&#8221; title_text_color=&#8221;#FFFFFF&#8221; title_font_size=&#8221;23px&#8221; subtitle_font=&#8221;|300|||||||&#8221; subtitle_text_color=&#8221;#FFFFFF&#8221; subtitle_font_size=&#8221;15px&#8221; global_colors_info=&#8221;{}&#8221;][\/wdcl_image_carousel_child][\/wdcl_image_carousel][\/et_pb_column][\/et_pb_row][\/et_pb_section]<\/p>","protected":false},"excerpt":{"rendered":"<p>EW \u2013 CONNECT 1\u010celi\u010dne dimovodne cijevi (dimnja\u010de) za kamine i kotlove u industriji i doma\u0107instvu<div class=\"et_pb_module wdcl_image_carousel wdcl_image_carousel_0\">\n\t\t\t\t\n\t\t\t\t\n\t\t\t\t\n\t\t\t\t\n\t\t\t\t\n\t\t\t\t\n\t\t\t\t<div class=\"et_pb_module_inner\">\n\t\t\t\t\t<div dir=\"ltr\" class=\"dcm-container dcm-carousel-maker dcm-lightbox-disabled\" data-pagi=\"true\"\n\t\t\tdata-pagi-tablet=\"true\"\n\t\t\tdata-pagi-phone=\"true\"\n\t\t\tdata-nav=\"true\"\n\t\t\tdata-nav-tablet=\"true\"\n\t\t\tdata-nav-phone=\"true\"\n\t\t\tdata-autoplay=\"on\"\n\t\t\tdata-autoplay-speed=\"3000ms\"\n\t\t\tdata-speed=\"300ms\"\n\t\t\tdata-slides=\"1\"\n\t\t\tdata-slides-tablet=\"1\"\n\t\t\tdata-slides-phone=\"1\"\n\t\t\tdata-center=\"off\"\n\t\t\tdata-center-mode-type=\"classic\"\n\t\t\tdata-center-padding=\"70px||\"\n\t\t\tdata-vertical=\"off\"\n\t\t\tdata-icon-left=\"4\"\n\t\t\tdata-icon-right=\"5\"\n\t\t\tdata-infinite=\"on\"\n\t\t\tdata-variable-width=\"off\"\n\t\t\tdata-auto-height=\"off\"\n\t\t\tdata-items-scroll=\"1||\"\n\t\t\tdata-fade=\"off\"\n\t\t\tdata-dir=\"ltr\">\n                \n            <\/div>\n\t\t\t\t<\/div>\n\t\t\t<\/div><div class=\"wdcl_image_carousel_child wdcl_image_carousel_child_0 wdc_et_pb_module\">\n\t\t\t\t\n\t\t\t\t\n\t\t\t\t\n\t\t\t\t\n\t\t\t\t\n\t\t\t\t\n\t\t\t\t<div class=\"et_pb_module_inner\">\n\t\t\t\t\t<div class=\"dcm-carousel-item dcm-image-swap dcm-hover--none\">\n\t\t\t\t<figure class=\"dcm-lightbox-ctrl\">\n\t\t\t\t<div class=\"dcm-overlay\" data-icon=\"\"><\/div>\n\t\t\t\t<img decoding=\"async\" class=\"dcm-main-img lazyload\" data-mfp-data-src=\"http:\/\/inoxterm.com\/wp-content\/uploads\/2023\/07\/EW-CONNECT_feat.jpg\" data-src=\"http:\/\/inoxterm.com\/wp-content\/uploads\/2023\/07\/EW-CONNECT_feat.jpg\" alt=\"\" src=\"data:image\/svg+xml;base64,PHN2ZyB3aWR0aD0iMSIgaGVpZ2h0PSIxIiB4bWxucz0iaHR0cDovL3d3dy53My5vcmcvMjAwMC9zdmciPjwvc3ZnPg==\" \/>\n            <\/figure> \n\t\t\t<\/div>\n\t\t\t\t<\/div>\n\t\t\t<\/div><div class=\"wdcl_image_carousel_child wdcl_image_carousel_child_1 wdc_et_pb_module\">\n\t\t\t\t\n\t\t\t\t\n\t\t\t\t\n\t\t\t\t\n\t\t\t\t\n\t\t\t\t\n\t\t\t\t<div class=\"et_pb_module_inner\">\n\t\t\t\t\t<div class=\"dcm-carousel-item dcm-image-swap dcm-hover--none\">\n\t\t\t\t<figure class=\"dcm-lightbox-ctrl\">\n\t\t\t\t<div class=\"dcm-overlay\" data-icon=\"\"><\/div>\n\t\t\t\t<img decoding=\"async\" class=\"dcm-main-img lazyload\" data-mfp-data-src=\"http:\/\/inoxterm.com\/wp-content\/uploads\/2024\/02\/EW-CONNECT_feat_1.jpg\" data-src=\"http:\/\/inoxterm.com\/wp-content\/uploads\/2024\/02\/EW-CONNECT_feat_1.jpg\" alt=\"\" src=\"data:image\/svg+xml;base64,PHN2ZyB3aWR0aD0iMSIgaGVpZ2h0PSIxIiB4bWxucz0iaHR0cDovL3d3dy53My5vcmcvMjAwMC9zdmciPjwvc3ZnPg==\" \/>\n            <\/figure> \n\t\t\t<\/div>\n\t\t\t\t<\/div>\n\t\t\t<\/div><div class=\"wdcl_image_carousel_child wdcl_image_carousel_child_2 wdc_et_pb_module\">\n\t\t\t\t\n\t\t\t\t\n\t\t\t\t\n\t\t\t\t\n\t\t\t\t\n\t\t\t\t\n\t\t\t\t<div class=\"et_pb_module_inner\">\n\t\t\t\t\t<div class=\"dcm-carousel-item dcm-image-swap dcm-hover--none\">\n\t\t\t\t<figure class=\"dcm-lightbox-ctrl\">\n\t\t\t\t<div class=\"dcm-overlay\" data-icon=\"\"><\/div>\n\t\t\t\t<img decoding=\"async\" class=\"dcm-main-img lazyload\" data-mfp-data-src=\"http:\/\/inoxterm.com\/wp-content\/uploads\/2024\/02\/EW-CONNECT_feat_3.jpg\" data-src=\"http:\/\/inoxterm.com\/wp-content\/uploads\/2024\/02\/EW-CONNECT_feat_3.jpg\" alt=\"\" src=\"data:image\/svg+xml;base64,PHN2ZyB3aWR0aD0iMSIgaGVpZ2h0PSIxIiB4bWxucz0iaHR0cDovL3d3dy53My5vcmcvMjAwMC9zdmciPjwvc3ZnPg==\" \/>\n            <\/figure> \n\t\t\t<\/div>\n\t\t\t\t<\/div>\n\t\t\t<\/div><div class=\"wdcl_image_carousel_child wdcl_image_carousel_child_3 wdc_et_pb_module\">\n\t\t\t\t\n\t\t\t\t\n\t\t\t\t\n\t\t\t\t\n\t\t\t\t\n\t\t\t\t\n\t\t\t\t<div class=\"et_pb_module_inner\">\n\t\t\t\t\t<div class=\"dcm-carousel-item dcm-image-swap dcm-hover--none\">\n\t\t\t\t<figure class=\"dcm-lightbox-ctrl\">\n\t\t\t\t<div class=\"dcm-overlay\" data-icon=\"\"><\/div>\n\t\t\t\t<img decoding=\"async\" class=\"dcm-main-img lazyload\" data-mfp-data-src=\"http:\/\/inoxterm.com\/wp-content\/uploads\/2024\/02\/EW-CONNECT_feat_4.jpg\" data-src=\"http:\/\/inoxterm.com\/wp-content\/uploads\/2024\/02\/EW-CONNECT_feat_4.jpg\" alt=\"\" src=\"data:image\/svg+xml;base64,PHN2ZyB3aWR0aD0iMSIgaGVpZ2h0PSIxIiB4bWxucz0iaHR0cDovL3d3dy53My5vcmcvMjAwMC9zdmciPjwvc3ZnPg==\" \/>\n            <\/figure> \n\t\t\t<\/div>\n\t\t\t\t<\/div>\n\t\t\t<\/div><div class=\"wdcl_image_carousel_child wdcl_image_carousel_child_4 wdc_et_pb_module\">\n\t\t\t\t\n\t\t\t\t\n\t\t\t\t\n\t\t\t\t\n\t\t\t\t\n\t\t\t\t\n\t\t\t\t<div class=\"et_pb_module_inner\">\n\t\t\t\t\t<div class=\"dcm-carousel-item dcm-image-swap dcm-hover--none\">\n\t\t\t\t<figure class=\"dcm-lightbox-ctrl\">\n\t\t\t\t<div class=\"dcm-overlay\" data-icon=\"\"><\/div>\n\t\t\t\t<img decoding=\"async\" class=\"dcm-main-img lazyload\" data-mfp-data-src=\"http:\/\/inoxterm.com\/wp-content\/uploads\/2024\/02\/EW-CONNECT_feat_5.jpg\" data-src=\"http:\/\/inoxterm.com\/wp-content\/uploads\/2024\/02\/EW-CONNECT_feat_5.jpg\" alt=\"\" src=\"data:image\/svg+xml;base64,PHN2ZyB3aWR0aD0iMSIgaGVpZ2h0PSIxIiB4bWxucz0iaHR0cDovL3d3dy53My5vcmcvMjAwMC9zdmciPjwvc3ZnPg==\" \/>\n            <\/figure> \n\t\t\t<\/div>\n\t\t\t\t<\/div>\n\t\t\t<\/div><div class=\"wdcl_image_carousel_child wdcl_image_carousel_child_5 wdc_et_pb_module\">\n\t\t\t\t\n\t\t\t\t\n\t\t\t\t\n\t\t\t\t\n\t\t\t\t\n\t\t\t\t\n\t\t\t\t<div class=\"et_pb_module_inner\">\n\t\t\t\t\t<div class=\"dcm-carousel-item dcm-image-swap dcm-hover--none\">\n\t\t\t\t<figure class=\"dcm-lightbox-ctrl\">\n\t\t\t\t<div class=\"dcm-overlay\" data-icon=\"\"><\/div>\n\t\t\t\t<img decoding=\"async\" class=\"dcm-main-img\" data-mfp-src=\"\" src=\"\" alt=\"\"\/>\n            <\/figure> \n\t\t\t<\/div>\n\t\t\t\t<\/div>\n\t\t\t<\/div><\/p>","protected":false},"author":1,"featured_media":0,"parent":0,"menu_order":0,"comment_status":"closed","ping_status":"closed","template":"","meta":{"_et_pb_use_builder":"on","_et_pb_old_content":"","_et_gb_content_width":"","footnotes":""},"class_list":["post-756","page","type-page","status-publish","hentry"],"_links":{"self":[{"href":"https:\/\/inoxterm.com\/de\/wp-json\/wp\/v2\/pages\/756","targetHints":{"allow":["GET"]}}],"collection":[{"href":"https:\/\/inoxterm.com\/de\/wp-json\/wp\/v2\/pages"}],"about":[{"href":"https:\/\/inoxterm.com\/de\/wp-json\/wp\/v2\/types\/page"}],"author":[{"embeddable":true,"href":"https:\/\/inoxterm.com\/de\/wp-json\/wp\/v2\/users\/1"}],"replies":[{"embeddable":true,"href":"https:\/\/inoxterm.com\/de\/wp-json\/wp\/v2\/comments?post=756"}],"version-history":[{"count":17,"href":"https:\/\/inoxterm.com\/de\/wp-json\/wp\/v2\/pages\/756\/revisions"}],"predecessor-version":[{"id":1702,"href":"https:\/\/inoxterm.com\/de\/wp-json\/wp\/v2\/pages\/756\/revisions\/1702"}],"wp:attachment":[{"href":"https:\/\/inoxterm.com\/de\/wp-json\/wp\/v2\/media?parent=756"}],"curies":[{"name":"wp","href":"https:\/\/api.w.org\/{rel}","templated":true}]}}