{"id":853,"date":"2023-07-03T14:12:45","date_gmt":"2023-07-03T12:12:45","guid":{"rendered":"https:\/\/inoxterm.com\/?page_id=853"},"modified":"2023-07-20T08:39:05","modified_gmt":"2023-07-20T06:39:05","slug":"vrata-za-dimnjake","status":"publish","type":"page","link":"https:\/\/inoxterm.com\/de\/vrata-za-dimnjake\/","title":{"rendered":"Schornsteint\u00fcren"},"content":{"rendered":"<p>[et_pb_section fb_built=&#8221;1&#8221; admin_label=&#8221;Header Section&#8221; _builder_version=&#8221;4.21.0&#8221; background_image=&#8221;http:\/\/inoxterm.com\/wp-content\/uploads\/2023\/07\/pic11.jpg&#8221; background_position=&#8221;bottom_right&#8221; custom_padding=&#8221;8%|0px|11.5%|0px||&#8221; bottom_divider_style=&#8221;arrow&#8221; bottom_divider_color=&#8221;RGBA(255,255,255,0)&#8221; global_colors_info=&#8221;{}&#8221;][et_pb_row admin_label=&#8221;Title Row&#8221; _builder_version=&#8221;4.21.0&#8221; global_colors_info=&#8221;{}&#8221;][et_pb_column type=&#8221;4_4&#8221; _builder_version=&#8221;4.16&#8221; custom_padding=&#8221;|||&#8221; global_colors_info=&#8221;{}&#8221; custom_padding__hover=&#8221;|||&#8221;][et_pb_text admin_label=&#8221;Title &#038; Paragraph&#8221; _builder_version=&#8221;4.21.0&#8221; text_text_color=&#8221;#FFFFFF&#8221; header_text_color=&#8221;#FFFFFF&#8221; header_font_size=&#8221;51px&#8221; header_line_height=&#8221;1.4em&#8221; background_color=&#8221;RGBA(255,255,255,0)&#8221; text_orientation=&#8221;center&#8221; max_width=&#8221;1360px&#8221; max_width_last_edited=&#8221;off|desktop&#8221; custom_margin_last_edited=&#8221;off|desktop&#8221; custom_padding=&#8221;|||0px||&#8221; custom_padding_last_edited=&#8221;off|desktop&#8221; text_font_size_tablet=&#8221;18px&#8221; text_font_size_phone=&#8221;15px&#8221; header_font_size_tablet=&#8221;&#8221; header_font_size_phone=&#8221;32px&#8221; header_font_size_last_edited=&#8221;on|phone&#8221; header_2_font_size_phone=&#8221;32px&#8221; global_colors_info=&#8221;{}&#8221;]<\/p>\n<h1><span>Schornsteint\u00fcren<\/span><\/h1>\n<p>Bei der Entwicklung der T\u00fcren, die wir in unseren Schornsteinsystemen installieren, haben wir 5 verschiedene Modelle von Inspektionst\u00fcren entwickelt,<br \/>die in der Konstruktion verwendet werden.<\/p>\n<p>[\/et_pb_text][\/et_pb_column][\/et_pb_row][\/et_pb_section][et_pb_section fb_built=&#8221;1&#8221; admin_label=&#8221;Blog Section&#8221; _builder_version=&#8221;4.21.0&#8221; background_color=&#8221;#FFFFFF&#8221; background_position=&#8221;top_center&#8221; custom_padding=&#8221;60px|0px|0px|0px|false|false&#8221; hover_enabled=&#8221;0&#8221; global_colors_info=&#8221;{}&#8221; sticky_enabled=&#8221;0&#8221;][et_pb_row column_structure=&#8221;1_3,1_3,1_3&#8221; _builder_version=&#8221;4.21.0&#8221; _module_preset=&#8221;default&#8221; border_color_right=&#8221;#000000&#8221; global_colors_info=&#8221;{}&#8221;][et_pb_column type=&#8221;1_3&#8221; _builder_version=&#8221;4.21.0&#8221; _module_preset=&#8221;default&#8221; background_color=&#8221;RGBA(255,255,255,0)&#8221; custom_padding=&#8221;20px|20px|20px|20px|true|true&#8221; border_width_all=&#8221;1px&#8221; border_color_all=&#8221;#FFFFFF&#8221; box_shadow_style=&#8221;preset1&#8221; box_shadow_horizontal=&#8221;-1px&#8221; box_shadow_vertical=&#8221;14px&#8221; box_shadow_blur=&#8221;23px&#8221; box_shadow_spread=&#8221;-12px&#8221; box_shadow_color=&#8221;rgba(0,0,0,0.31)&#8221; global_colors_info=&#8221;{}&#8221;][et_pb_image src=&#8221;http:\/\/inoxterm.com\/wp-content\/uploads\/2023\/07\/GK.jpg&#8221; title_text=&#8221;GK&#8221; _builder_version=&#8221;4.21.0&#8221; _module_preset=&#8221;default&#8221; global_colors_info=&#8221;{}&#8221;][\/et_pb_image][et_pb_text _builder_version=&#8221;4.21.0&#8221; _module_preset=&#8221;default&#8221; header_text_color=&#8221;#000000&#8221; header_2_text_color=&#8221;#000000&#8221; header_3_text_color=&#8221;#000000&#8221; header_4_text_color=&#8221;gcid-eccc1f16-241d-4e64-bf96-b0b629264f7f&#8221; custom_padding=&#8221;0px|0px|0px|0px|false|false&#8221; global_colors_info=&#8221;{%22gcid-eccc1f16-241d-4e64-bf96-b0b629264f7f%22:%91%22header_4_text_color%22%93}&#8221;]<\/p>\n<h4 style=\"text-align: left;\">\"GK\" T\u00fcr<\/h4>\n<p>Die GK-T\u00fcren wurden entwickelt, um in unsere Schornsteinsysteme eingebaut zu werden und gleichzeitig die qualitativ hochwertigsten T\u00fcren darzustellen, die wir herstellen.<\/p>\n<p>[\/et_pb_text][et_pb_button button_url=&#8221;https:\/\/inoxterm.com\/vrata-oznake-gk\/&#8221; button_text=&#8221;Saznaj vi\u0161e&#8221; _builder_version=&#8221;4.21.0&#8221; _module_preset=&#8221;_initial&#8221; custom_button=&#8221;on&#8221; button_bg_color=&#8221;#F89E34&#8221; button_border_width=&#8221;1px&#8221; button_border_radius=&#8221;9px&#8221; button_font=&#8221;|300|||||||&#8221; global_colors_info=&#8221;{}&#8221;][\/et_pb_button][\/et_pb_column][et_pb_column type=&#8221;1_3&#8221; _builder_version=&#8221;4.21.0&#8221; _module_preset=&#8221;default&#8221; background_color=&#8221;RGBA(255,255,255,0)&#8221; custom_padding=&#8221;20px|20px|20px|20px|true|true&#8221; border_width_all=&#8221;1px&#8221; border_color_all=&#8221;#FFFFFF&#8221; box_shadow_style=&#8221;preset1&#8221; box_shadow_horizontal=&#8221;-1px&#8221; box_shadow_vertical=&#8221;14px&#8221; box_shadow_blur=&#8221;23px&#8221; box_shadow_spread=&#8221;-12px&#8221; box_shadow_color=&#8221;rgba(0,0,0,0.31)&#8221; global_colors_info=&#8221;{}&#8221;][et_pb_image src=&#8221;http:\/\/inoxterm.com\/wp-content\/uploads\/2023\/07\/0K-1.jpg&#8221; title_text=&#8221;0K&#8221; _builder_version=&#8221;4.21.0&#8221; _module_preset=&#8221;default&#8221; global_colors_info=&#8221;{}&#8221;][\/et_pb_image][et_pb_text _builder_version=&#8221;4.21.0&#8221; _module_preset=&#8221;default&#8221; header_text_color=&#8221;#000000&#8221; header_2_text_color=&#8221;#000000&#8221; header_3_text_color=&#8221;#000000&#8221; header_4_text_color=&#8221;gcid-eccc1f16-241d-4e64-bf96-b0b629264f7f&#8221; custom_padding=&#8221;0px|0px|0px|0px|false|false&#8221; global_colors_info=&#8221;{%22gcid-eccc1f16-241d-4e64-bf96-b0b629264f7f%22:%91%22header_4_text_color%22,%22header_4_text_color%22%93}&#8221;]<\/p>\n<h4 style=\"text-align: left;\">\"OK\" T\u00fcr<\/h4>\n<p>0K-T\u00fcren haben im Gegensatz zu GK-T\u00fcren keine Isolierung und nur eine Verriegelung. <br \/>Anstelle von Isolierung haben sie eine weitere interne T\u00fcr.<\/p>\n<p>[\/et_pb_text][et_pb_button button_url=&#8221;https:\/\/inoxterm.com\/vrata-0k\/&#8221; button_text=&#8221;Saznaj vi\u0161e&#8221; _builder_version=&#8221;4.21.0&#8221; _module_preset=&#8221;_initial&#8221; custom_button=&#8221;on&#8221; button_bg_color=&#8221;#F89E34&#8221; button_border_width=&#8221;1px&#8221; button_border_radius=&#8221;9px&#8221; button_font=&#8221;|300|||||||&#8221; global_colors_info=&#8221;{}&#8221;][\/et_pb_button][\/et_pb_column][et_pb_column type=&#8221;1_3&#8221; _builder_version=&#8221;4.21.0&#8221; _module_preset=&#8221;default&#8221; background_color=&#8221;RGBA(255,255,255,0)&#8221; custom_padding=&#8221;20px|20px|20px|20px|true|true&#8221; border_width_all=&#8221;1px&#8221; border_color_all=&#8221;#FFFFFF&#8221; box_shadow_style=&#8221;preset1&#8221; box_shadow_horizontal=&#8221;-1px&#8221; box_shadow_vertical=&#8221;14px&#8221; box_shadow_blur=&#8221;23px&#8221; box_shadow_spread=&#8221;-12px&#8221; box_shadow_color=&#8221;rgba(0,0,0,0.31)&#8221; global_colors_info=&#8221;{}&#8221;][et_pb_image src=&#8221;http:\/\/inoxterm.com\/wp-content\/uploads\/2023\/07\/GT.jpg&#8221; title_text=&#8221;GT&#8221; _builder_version=&#8221;4.21.0&#8221; _module_preset=&#8221;default&#8221; global_colors_info=&#8221;{}&#8221;][\/et_pb_image][et_pb_text _builder_version=&#8221;4.21.0&#8221; _module_preset=&#8221;default&#8221; header_text_color=&#8221;#000000&#8221; header_2_text_color=&#8221;#000000&#8221; header_3_text_color=&#8221;#000000&#8221; header_4_text_color=&#8221;gcid-eccc1f16-241d-4e64-bf96-b0b629264f7f&#8221; custom_padding=&#8221;0px|0px|0px|0px|false|false&#8221; global_colors_info=&#8221;{%22gcid-eccc1f16-241d-4e64-bf96-b0b629264f7f%22:%91%22header_4_text_color%22,%22header_4_text_color%22%93}&#8221;]<\/p>\n<h4 style=\"text-align: left;\">\"GT\" T\u00fcr<\/h4>\n<p>Der T\u00fcrrahmen wird mit Tiefziehtechnologie hergestellt, was die fortschrittlichste technologische und \u00e4sthetisch akzeptabelste L\u00f6sung darstellt.<\/p>\n<p>[\/et_pb_text][et_pb_button button_url=&#8221;https:\/\/inoxterm.com\/dw-las-pin2multi\/&#8221; button_text=&#8221;Saznaj vi\u0161e&#8221; _builder_version=&#8221;4.21.0&#8221; _module_preset=&#8221;_initial&#8221; custom_button=&#8221;on&#8221; button_bg_color=&#8221;#F89E34&#8221; button_border_width=&#8221;1px&#8221; button_border_radius=&#8221;9px&#8221; button_font=&#8221;|300|||||||&#8221; global_colors_info=&#8221;{}&#8221;][\/et_pb_button][\/et_pb_column][\/et_pb_row][\/et_pb_section][et_pb_section fb_built=&#8221;1&#8221; admin_label=&#8221;Blog Section&#8221; _builder_version=&#8221;4.21.0&#8221; background_color=&#8221;#FFFFFF&#8221; background_position=&#8221;top_center&#8221; custom_padding=&#8221;15px|0px|80px|0px|false|false&#8221; global_colors_info=&#8221;{}&#8221;][et_pb_row column_structure=&#8221;1_3,1_3,1_3&#8221; _builder_version=&#8221;4.21.0&#8221; _module_preset=&#8221;default&#8221; global_colors_info=&#8221;{}&#8221;][et_pb_column type=&#8221;1_3&#8221; _builder_version=&#8221;4.21.0&#8221; _module_preset=&#8221;default&#8221; background_color=&#8221;RGBA(255,255,255,0)&#8221; custom_padding=&#8221;20px|20px|20px|20px|true|true&#8221; border_width_all=&#8221;1px&#8221; border_color_all=&#8221;#FFFFFF&#8221; box_shadow_style=&#8221;preset1&#8221; box_shadow_horizontal=&#8221;-1px&#8221; box_shadow_vertical=&#8221;14px&#8221; box_shadow_blur=&#8221;23px&#8221; box_shadow_spread=&#8221;-12px&#8221; box_shadow_color=&#8221;rgba(0,0,0,0.31)&#8221; global_colors_info=&#8221;{}&#8221;][et_pb_image src=&#8221;http:\/\/inoxterm.com\/wp-content\/uploads\/2023\/07\/0T.jpg&#8221; title_text=&#8221;0T&#8221; _builder_version=&#8221;4.21.0&#8221; _module_preset=&#8221;default&#8221; global_colors_info=&#8221;{}&#8221;][\/et_pb_image][et_pb_text _builder_version=&#8221;4.21.0&#8221; _module_preset=&#8221;default&#8221; header_text_color=&#8221;#000000&#8221; header_2_text_color=&#8221;#000000&#8221; header_3_text_color=&#8221;#000000&#8221; header_4_text_color=&#8221;gcid-eccc1f16-241d-4e64-bf96-b0b629264f7f&#8221; custom_padding=&#8221;0px|0px|27px|0px|false|false&#8221; global_colors_info=&#8221;{%22gcid-eccc1f16-241d-4e64-bf96-b0b629264f7f%22:%91%22header_4_text_color%22,%22header_4_text_color%22%93}&#8221;]<\/p>\n<h4 style=\"text-align: left;\">\"OT\" T\u00fcr<\/h4>\n<p>Die 0T-T\u00fcr hat keine Isolierung und nur eine Verriegelung. Anstelle von Isolierung hat sie eine weitere interne T\u00fcr.<\/p>\n<p>[\/et_pb_text][et_pb_button button_url=&#8221;https:\/\/inoxterm.com\/ew-sd-316\/&#8221; button_text=&#8221;Saznaj vi\u0161e&#8221; _builder_version=&#8221;4.21.0&#8221; _module_preset=&#8221;_initial&#8221; custom_button=&#8221;on&#8221; button_bg_color=&#8221;#F89E34&#8221; button_border_width=&#8221;1px&#8221; button_border_radius=&#8221;9px&#8221; button_font=&#8221;|300|||||||&#8221; global_colors_info=&#8221;{}&#8221;][\/et_pb_button][\/et_pb_column][et_pb_column type=&#8221;1_3&#8221; _builder_version=&#8221;4.21.0&#8221; _module_preset=&#8221;default&#8221; background_color=&#8221;RGBA(255,255,255,0)&#8221; custom_padding=&#8221;20px|20px|63px|20px|false|true&#8221; border_width_all=&#8221;1px&#8221; border_color_all=&#8221;#FFFFFF&#8221; box_shadow_style=&#8221;preset1&#8221; box_shadow_horizontal=&#8221;-1px&#8221; box_shadow_vertical=&#8221;14px&#8221; box_shadow_blur=&#8221;23px&#8221; box_shadow_spread=&#8221;-12px&#8221; box_shadow_color=&#8221;rgba(0,0,0,0.31)&#8221; global_colors_info=&#8221;{}&#8221;][et_pb_image src=&#8221;http:\/\/inoxterm.com\/wp-content\/uploads\/2023\/07\/Mala-inoxna-vrata.jpg&#8221; title_text=&#8221;Mala-inoxna-vrata&#8221; _builder_version=&#8221;4.21.0&#8221; _module_preset=&#8221;default&#8221; global_colors_info=&#8221;{}&#8221;][\/et_pb_image][et_pb_text _builder_version=&#8221;4.21.0&#8221; _module_preset=&#8221;default&#8221; header_text_color=&#8221;#000000&#8221; header_2_text_color=&#8221;#000000&#8221; header_3_text_color=&#8221;#000000&#8221; header_4_text_color=&#8221;gcid-eccc1f16-241d-4e64-bf96-b0b629264f7f&#8221; custom_margin=&#8221;30px||22px|||&#8221; custom_padding=&#8221;0px|0px|0px|0px|false|false&#8221; global_colors_info=&#8221;{%22gcid-eccc1f16-241d-4e64-bf96-b0b629264f7f%22:%91%22header_4_text_color%22,%22header_4_text_color%22%93}&#8221;]<\/p>\n<h4 style=\"text-align: left;\">\"KLEINE EDELSTAHL\" T\u00dcR<\/h4>\n<p>Sie sind als kleinere Inspektions\u00f6ffnung konzipiert f\u00fcr Situationen, in denen es nicht m\u00f6glich ist, eine gro\u00dfe T\u00fcr zu installieren, oder in Situationen, in denen eine gr\u00f6\u00dfere Inspektions\u00f6ffnung nicht erforderlich ist.\u00a0\u00a0<\/p>\n<p>[\/et_pb_text][\/et_pb_column][et_pb_column type=&#8221;1_3&#8221; _builder_version=&#8221;4.21.0&#8221; _module_preset=&#8221;default&#8221; global_colors_info=&#8221;{}&#8221;][\/et_pb_column][\/et_pb_row][\/et_pb_section]<\/p>","protected":false},"excerpt":{"rendered":"<p>Vrata za dimnjake Razvijaju\u0107i vrata koja ugra\u0111ujemo u svoje dimnja\u010dne sisteme, razvili smo 5 razli\u010ditih modela revizionih vrata,koja se koriste u gra\u0111evinarstvu.VRATA \u201eGK\u201c GK Vrata su razvijena kako bi se ugra\u0111ivala u na\u0161e dimnja\u010dne sisteme i ujedno predstavljaju najkvalitetnija vrata koja proizvodimo.VRATA \u201e0K\u201c 0K Vrata za razliku od GK vrata nemaju izolaciju i imaju jednu [&hellip;]<\/p>","protected":false},"author":1,"featured_media":0,"parent":0,"menu_order":0,"comment_status":"closed","ping_status":"closed","template":"","meta":{"_et_pb_use_builder":"on","_et_pb_old_content":"","_et_gb_content_width":"","footnotes":""},"class_list":["post-853","page","type-page","status-publish","hentry"],"_links":{"self":[{"href":"https:\/\/inoxterm.com\/de\/wp-json\/wp\/v2\/pages\/853","targetHints":{"allow":["GET"]}}],"collection":[{"href":"https:\/\/inoxterm.com\/de\/wp-json\/wp\/v2\/pages"}],"about":[{"href":"https:\/\/inoxterm.com\/de\/wp-json\/wp\/v2\/types\/page"}],"author":[{"embeddable":true,"href":"https:\/\/inoxterm.com\/de\/wp-json\/wp\/v2\/users\/1"}],"replies":[{"embeddable":true,"href":"https:\/\/inoxterm.com\/de\/wp-json\/wp\/v2\/comments?post=853"}],"version-history":[{"count":20,"href":"https:\/\/inoxterm.com\/de\/wp-json\/wp\/v2\/pages\/853\/revisions"}],"predecessor-version":[{"id":1153,"href":"https:\/\/inoxterm.com\/de\/wp-json\/wp\/v2\/pages\/853\/revisions\/1153"}],"wp:attachment":[{"href":"https:\/\/inoxterm.com\/de\/wp-json\/wp\/v2\/media?parent=853"}],"curies":[{"name":"wp","href":"https:\/\/api.w.org\/{rel}","templated":true}]}}