{"id":976,"date":"2023-07-04T10:01:10","date_gmt":"2023-07-04T08:01:10","guid":{"rendered":"https:\/\/inoxterm.com\/?page_id=976"},"modified":"2023-07-21T12:00:48","modified_gmt":"2023-07-21T10:00:48","slug":"vrata-0t","status":"publish","type":"page","link":"https:\/\/inoxterm.com\/de\/vrata-0t\/","title":{"rendered":"VRATA \u201e0T\u201c"},"content":{"rendered":"<p>[et_pb_section fb_built=&#8221;1&#8221; specialty=&#8221;on&#8221; padding_top_1=&#8221;60px&#8221; padding_top_bottom_link_1=&#8221;false&#8221; padding_left_right_link_1=&#8221;false&#8221; padding_1_tablet=&#8221;0px||||false|false&#8221; padding_1_phone=&#8221;0px||||false|false&#8221; padding_1_last_edited=&#8221;on|phone&#8221; admin_label=&#8221;Header&#8221; _builder_version=&#8221;4.21.0&#8221; _module_preset=&#8221;default&#8221; background_color=&#8221;#1D1D25&#8221; global_colors_info=&#8221;{}&#8221;][et_pb_column type=&#8221;1_2&#8221; specialty_columns=&#8221;2&#8221; _builder_version=&#8221;4.16&#8221; custom_padding=&#8221;|||&#8221; global_colors_info=&#8221;{}&#8221; custom_padding__hover=&#8221;|||&#8221;][et_pb_row_inner custom_padding_last_edited=&#8221;on|phone&#8221; _builder_version=&#8221;4.21.0&#8221; _module_preset=&#8221;default&#8221; background_color=&#8221;RGBA(255,255,255,0)&#8221; custom_padding_tablet=&#8221;&#8221; custom_padding_phone=&#8221;||0px||false|false&#8221; global_colors_info=&#8221;{}&#8221;][et_pb_column_inner saved_specialty_column_type=&#8221;1_2&#8221; _builder_version=&#8221;4.16&#8221; _module_preset=&#8221;default&#8221; global_colors_info=&#8221;{}&#8221;][et_pb_text _builder_version=&#8221;4.21.0&#8221; _module_preset=&#8221;53fac924-1644-4f70-a8a0-435df3cf1c52&#8221; header_font=&#8221;|600|||||||&#8221; header_text_color=&#8221;#FFFFFF&#8221; header_font_size=&#8221;90px&#8221; header_line_height=&#8221;1.1em&#8221; background_color=&#8221;RGBA(255,255,255,0)&#8221; custom_padding=&#8221;80px|0px|80px|0px|false|false&#8221; custom_padding_phone=&#8221;20px||20px||true|false&#8221; hover_enabled=&#8221;0&#8221; header_font_size_tablet=&#8221;50px&#8221; header_font_size_phone=&#8221;42px&#8221; header_font_size_last_edited=&#8221;on|phone&#8221; locked=&#8221;off&#8221; global_colors_info=&#8221;{}&#8221; sticky_enabled=&#8221;0&#8221;]<\/p>\n<h1>T\u00dcR 0T<\/h1>\n<p>[\/et_pb_text][et_pb_divider color=&#8221;rgba(255,255,255,0.3)&#8221; divider_weight=&#8221;10px&#8221; _builder_version=&#8221;4.16&#8221; _module_preset=&#8221;a9fcc5b1-74c5-43b4-b776-3e310da5f3e8&#8221; z_index=&#8221;10&#8221; max_width=&#8221;260px&#8221; height=&#8221;10px&#8221; custom_margin=&#8221;-65px||30px||false|false&#8221; custom_margin_tablet=&#8221;-59px||||false|false&#8221; custom_margin_phone=&#8221;-48px||||false|false&#8221; custom_margin_last_edited=&#8221;on|desktop&#8221; global_colors_info=&#8221;{}&#8221;][\/et_pb_divider][\/et_pb_column_inner][\/et_pb_row_inner][et_pb_row_inner _builder_version=&#8221;4.21.0&#8221; _module_preset=&#8221;default&#8221; global_colors_info=&#8221;{}&#8221;][et_pb_column_inner saved_specialty_column_type=&#8221;1_2&#8221; _builder_version=&#8221;4.21.0&#8221; _module_preset=&#8221;default&#8221; global_colors_info=&#8221;{}&#8221;][et_pb_text _builder_version=&#8221;4.21.0&#8221; _module_preset=&#8221;default&#8221; text_text_color=&#8221;#FFFFFF&#8221; background_color=&#8221;RGBA(255,255,255,0)&#8221; custom_padding=&#8221;0px|0px|80px|0px|false|false&#8221; custom_padding_phone=&#8221;||10px||false|false&#8221; global_colors_info=&#8221;{}&#8221;]<\/p>\n<p>Die 0T-T\u00fcr hat keine Isolierung und nur eine Verriegelung. Anstelle von Isolierung hat sie eine weitere interne T\u00fcr.<\/p>\n<p>[\/et_pb_text][\/et_pb_column_inner][\/et_pb_row_inner][\/et_pb_column][et_pb_column type=&#8221;1_2&#8221; _builder_version=&#8221;4.16&#8221; custom_padding=&#8221;|||&#8221; global_colors_info=&#8221;{}&#8221; custom_padding__hover=&#8221;|||&#8221;][et_pb_image src=&#8221;http:\/\/inoxterm.com\/wp-content\/uploads\/2023\/07\/vratahead_0t.jpg&#8221; title_text=&#8221;vratahead_0t&#8221; _builder_version=&#8221;4.21.0&#8221; _module_preset=&#8221;default&#8221; global_colors_info=&#8221;{}&#8221;][\/et_pb_image][\/et_pb_column][\/et_pb_section][et_pb_section fb_built=&#8221;1&#8221; _builder_version=&#8221;4.21.0&#8221; _module_preset=&#8221;default&#8221; custom_padding=&#8221;||3px|||&#8221; global_colors_info=&#8221;{}&#8221;][et_pb_row _builder_version=&#8221;4.21.0&#8221; _module_preset=&#8221;default&#8221; custom_padding=&#8221;||40px||false|false&#8221; global_colors_info=&#8221;{}&#8221;][et_pb_column type=&#8221;4_4&#8221; _builder_version=&#8221;4.21.0&#8221; _module_preset=&#8221;default&#8221; global_colors_info=&#8221;{}&#8221;][et_pb_text _builder_version=&#8221;4.21.0&#8221; _module_preset=&#8221;default&#8221; header_text_color=&#8221;#000000&#8221; header_2_text_color=&#8221;#000000&#8221; header_3_text_color=&#8221;#000000&#8221; header_4_text_color=&#8221;#000000&#8221; text_orientation=&#8221;center&#8221; custom_margin=&#8221;||19px|||&#8221; custom_padding=&#8221;10px|0px|10px|0px|false|false&#8221; header_2_font_size_phone=&#8221;32px&#8221; global_colors_info=&#8221;{}&#8221;]<\/p>\n<h2>Produktbeschreibung<\/h2>\n<p>[\/et_pb_text][et_pb_text _builder_version=&#8221;4.21.0&#8221; _module_preset=&#8221;default&#8221; custom_padding=&#8221;2px|0px|20px|0px|false|false&#8221; custom_padding_last_edited=&#8221;off|desktop&#8221; global_colors_info=&#8221;{}&#8221;]<\/p>\n<ul>\n<li>Der T\u00fcrrahmen wird mit Tiefziehtechnologie hergestellt, was die fortschrittlichste Technologie sowie die \u00e4sthetisch akzeptabelste L\u00f6sung darstellt.<\/li>\n<li>Der flache Anschlag macht den T\u00fcrfl\u00fcgel b\u00fcndig mit dem Rahmen, was ein \u00e4sthetischer Vorteil ist, wenn die T\u00fcr in Wohngebieten als Revisions\u00f6ffnung installiert wird.<\/li>\n<li>Wir fertigen sie aus Stahl oder Edelstahl in verschiedenen Grundfarben.<\/li>\n<\/ul>\n<p>[\/et_pb_text][et_pb_button button_url=&#8221;https:\/\/inoxterm.com\/vrata-za-dimnjake\/&#8221; button_text=&#8221;Vrati se nazad&#8221; button_alignment=&#8221;center&#8221; _builder_version=&#8221;4.21.0&#8221; _module_preset=&#8221;_initial&#8221; custom_button=&#8221;on&#8221; button_bg_color=&#8221;#F89E34&#8221; button_border_width=&#8221;1px&#8221; button_border_radius=&#8221;9px&#8221; button_font=&#8221;|300|||||||&#8221; locked=&#8221;off&#8221; global_colors_info=&#8221;{}&#8221;][\/et_pb_button][\/et_pb_column][\/et_pb_row][\/et_pb_section]<\/p>","protected":false},"excerpt":{"rendered":"<p>VRATA 0T0T Vrata nemaju izolaciju i imaju jednu bravu. Umjesto izolacije imaju jo\u0161 jedna unutra\u0161nja vrata.Opis proizvoda Okvir vrata izra\u0111en je tehnologom dubokog izvla\u010denja, \u0161to predstavlja najnaprednije tehnolo\u0161ko kao i najprihvatljivije estetsko rje\u0161enje. Ravna baglama krilo vrata \u010dini ravnim sa okvirom \u0161to je estetska prednost ukoliko se vrata montiraju u stambenim prostorima kao revizija. Izra\u0111ujemo [&hellip;]<\/p>","protected":false},"author":1,"featured_media":0,"parent":0,"menu_order":0,"comment_status":"closed","ping_status":"closed","template":"","meta":{"_et_pb_use_builder":"on","_et_pb_old_content":"","_et_gb_content_width":"","footnotes":""},"class_list":["post-976","page","type-page","status-publish","hentry"],"_links":{"self":[{"href":"https:\/\/inoxterm.com\/de\/wp-json\/wp\/v2\/pages\/976","targetHints":{"allow":["GET"]}}],"collection":[{"href":"https:\/\/inoxterm.com\/de\/wp-json\/wp\/v2\/pages"}],"about":[{"href":"https:\/\/inoxterm.com\/de\/wp-json\/wp\/v2\/types\/page"}],"author":[{"embeddable":true,"href":"https:\/\/inoxterm.com\/de\/wp-json\/wp\/v2\/users\/1"}],"replies":[{"embeddable":true,"href":"https:\/\/inoxterm.com\/de\/wp-json\/wp\/v2\/comments?post=976"}],"version-history":[{"count":4,"href":"https:\/\/inoxterm.com\/de\/wp-json\/wp\/v2\/pages\/976\/revisions"}],"predecessor-version":[{"id":1326,"href":"https:\/\/inoxterm.com\/de\/wp-json\/wp\/v2\/pages\/976\/revisions\/1326"}],"wp:attachment":[{"href":"https:\/\/inoxterm.com\/de\/wp-json\/wp\/v2\/media?parent=976"}],"curies":[{"name":"wp","href":"https:\/\/api.w.org\/{rel}","templated":true}]}}